{"id":1305,"date":"2025-03-26T15:02:30","date_gmt":"2025-03-26T18:02:30","guid":{"rendered":"https:\/\/homologa.digital\/centralfaveni\/virgem\/?page_id=1305"},"modified":"2025-04-29T14:49:43","modified_gmt":"2025-04-29T17:49:43","slug":"biblioteca","status":"publish","type":"page","link":"https:\/\/homologa.centralfaveni.com.br\/virgem\/biblioteca\/","title":{"rendered":"Biblioteca"},"content":{"rendered":"\t\t<div data-elementor-type=\"wp-page\" data-elementor-id=\"1305\" class=\"elementor elementor-1305\" data-elementor-post-type=\"page\">\n\t\t\t\t<div class=\"elementor-element elementor-element-12b2847 e-con-full e-flex e-con e-child\" data-id=\"12b2847\" data-element_type=\"container\" data-e-type=\"container\">\n\t\t\t\t<div class=\"elementor-element elementor-element-b25a7cb elementor-widget elementor-widget-shortcode\" data-id=\"b25a7cb\" data-element_type=\"widget\" data-e-type=\"widget\" data-widget_type=\"shortcode.default\">\n\t\t\t\t\t\t\t<div class=\"elementor-shortcode\"><!-- Linha separadora -->\n<div class=\"relative mb-6 container mx-auto\">\n    <div class=\"relative\">\n        <div class=\"h-[2px] -top-[1px] bg-black\/10 w-full\"><\/div>\n        <div class=\"absolute top-0 left-0 h-[2px] w-10 bg-divisor\"><\/div> <!-- Linha verde curta -->\n    <\/div>\n    <div class=\"hidden lg:flex absolute top-0 left-full h-[2px] bg-black\/10 w-[calc((100vw-1410px)\/2)]\"><\/div> <!-- Extens\u00e3o da linha at\u00e9 a borda direita -->\n<\/div>\n<\/div>\n\t\t\t\t\t\t<\/div>\n\t\t\t\t<\/div>\n\t\t<div class=\"elementor-element elementor-element-df8f561 e-flex e-con-boxed e-con e-parent\" data-id=\"df8f561\" data-element_type=\"container\" data-e-type=\"container\">\n\t\t\t\t\t<div class=\"e-con-inner\">\n\t\t<div class=\"elementor-element elementor-element-4a1ba23 e-con-full e-flex e-con e-child\" data-id=\"4a1ba23\" data-element_type=\"container\" data-e-type=\"container\">\n\t\t\t\t<div class=\"elementor-element elementor-element-f21f3aa titulos-faveni elementor-widget__width-initial elementor-widget-tablet__width-inherit elementor-widget elementor-widget-image-box\" data-id=\"f21f3aa\" data-element_type=\"widget\" data-e-type=\"widget\" data-widget_type=\"image-box.default\">\n\t\t\t\t\t<div class=\"elementor-image-box-wrapper\"><div class=\"elementor-image-box-content\"><h2 class=\"elementor-image-box-title\">CONHE\u00c7A OS NOSSOS PRINCIPAIS DIFERENCIAIS<\/h2><p class=\"elementor-image-box-description\">Por que o Centro Universit\u00e1rio FAVENI \u00e9 a escolha certa para voc\u00ea?<\/p><\/div><\/div>\t\t\t\t<\/div>\n\t\t\t\t<div class=\"elementor-element elementor-element-b73fa44 elementor-widget elementor-widget-text-editor\" data-id=\"b73fa44\" data-element_type=\"widget\" data-e-type=\"widget\" data-widget_type=\"text-editor.default\">\n\t\t\t\t\t\t\t\t\t<p><strong>FUNCIONAMENTO<\/strong><\/p><p>A Biblioteca da CENTRO UNIVERSIT\u00c1RIO FAVENI \u00e9 aberta ao p\u00fablico\u00a0 acad\u00eamico, escolar e \u00e0 comunidade em geral para consulta ao acervo. O empr\u00e9stimo domiciliar \u00e9 privativo aos alunos, docentes e funcion\u00e1rios que estiverem devidamente cadastrados no sistema da biblioteca.<\/p><p><strong>CIRCULA\u00c7\u00c3O<\/strong><\/p><p>Ao entrar na biblioteca, antes de atravessar a catraca, deixe bolsas, mochilas, pastas, sacolas e fich\u00e1rios no balc\u00e3o de empr\u00e9stimo, com um funcion\u00e1rio, para ser guardado no guarda-volumes.<\/p>\t\t\t\t\t\t\t\t<\/div>\n\t\t\t\t<\/div>\n\t\t<div class=\"elementor-element elementor-element-48d60ba e-con-full e-flex e-con e-child\" data-id=\"48d60ba\" data-element_type=\"container\" data-e-type=\"container\">\n\t\t\t\t<div class=\"elementor-element elementor-element-2db97e9 elementor-widget elementor-widget-image\" data-id=\"2db97e9\" data-element_type=\"widget\" data-e-type=\"widget\" data-widget_type=\"image.default\">\n\t\t\t\t\t\t\t\t\t\t\t\t\t\t\t<img fetchpriority=\"high\" decoding=\"async\" width=\"1049\" height=\"657\" src=\"https:\/\/homologa.centralfaveni.com.br\/virgem\/wp-content\/uploads\/sites\/4\/2025\/02\/Imagem.webp\" class=\"attachment-full size-full wp-image-215\" alt=\"\" srcset=\"https:\/\/homologa.centralfaveni.com.br\/virgem\/wp-content\/uploads\/sites\/4\/2025\/02\/Imagem.webp 1049w, https:\/\/homologa.centralfaveni.com.br\/virgem\/wp-content\/uploads\/sites\/4\/2025\/02\/Imagem-300x188.webp 300w, https:\/\/homologa.centralfaveni.com.br\/virgem\/wp-content\/uploads\/sites\/4\/2025\/02\/Imagem-1024x641.webp 1024w, https:\/\/homologa.centralfaveni.com.br\/virgem\/wp-content\/uploads\/sites\/4\/2025\/02\/Imagem-768x481.webp 768w\" sizes=\"(max-width: 1049px) 100vw, 1049px\" \/>\t\t\t\t\t\t\t\t\t\t\t\t\t\t\t<\/div>\n\t\t\t\t<\/div>\n\t\t\t\t<div class=\"elementor-element elementor-element-b693f1e elementor-absolute elementor-hidden-tablet elementor-hidden-mobile elementor-widget elementor-widget-shortcode\" data-id=\"b693f1e\" data-element_type=\"widget\" data-e-type=\"widget\" data-settings=\"{&quot;_position&quot;:&quot;absolute&quot;}\" data-widget_type=\"shortcode.default\">\n\t\t\t\t\t\t\t<div class=\"elementor-shortcode\"><svg class=\"hidden lg:flex\" xmlns=\"http:\/\/www.w3.org\/2000\/svg\" width=\"194.563\" height=\"296.449\" viewBox=\"0 0 194.563 296.449\">\n    <g id=\"detalhe-lateral-novo\" transform=\"translate(-103.498 -49.13)\">\n        <path id=\"Subtra\u00e7\u00e3o_26\" data-name=\"Subtra\u00e7\u00e3o 26\" d=\"M11157.5,22641.578v-113.891l194.561-91.471v117.275l-194.561,88.084v0h0Z\" transform=\"translate(-11054 -22296)\" fill=\"#1eac67\" \/>\n        <path id=\"Subtra\u00e7\u00e3o_25\" data-name=\"Subtra\u00e7\u00e3o 25\" d=\"M11351.061,22542.221h0v0l-193.562-87.633v-115.457l193.562,91v112.088Z\" transform=\"translate(-11053 -22290)\" fill=\"#25b971\" \/>\n    <\/g>\n<\/svg><\/div>\n\t\t\t\t\t\t<\/div>\n\t\t\t\t\t<\/div>\n\t\t\t\t<\/div>\n\t\t<div class=\"elementor-element elementor-element-d73725a e-flex e-con-boxed e-con e-parent\" data-id=\"d73725a\" data-element_type=\"container\" data-e-type=\"container\" data-settings=\"{&quot;background_background&quot;:&quot;classic&quot;}\">\n\t\t\t\t\t<div class=\"e-con-inner\">\n\t\t<div class=\"elementor-element elementor-element-a7f6f0a e-con-full e-flex e-con e-child\" data-id=\"a7f6f0a\" data-element_type=\"container\" data-e-type=\"container\">\n\t\t\t\t<div class=\"elementor-element elementor-element-7f9cfe1 elementor-widget elementor-widget-shortcode\" data-id=\"7f9cfe1\" data-element_type=\"widget\" data-e-type=\"widget\" data-widget_type=\"shortcode.default\">\n\t\t\t\t\t\t\t<div class=\"elementor-shortcode\"><!-- Linha separadora -->\n<div class=\"relative mb-6 container mx-auto\">\n    <div class=\"relative\">\n        <div class=\"h-[2px] bg-white\/30 w-full\"><\/div>\n        <div class=\"absolute top-0 left-0 h-[2px] w-10 bg-divisor\"><\/div> <!-- Linha verde curta -->\n    <\/div>\n    <div class=\"absolute top-0 left-full h-[2px] bg-white\/30 w-[calc((100vw-1410px)\/2)]\"><\/div> <!-- Extens\u00e3o da linha at\u00e9 a borda direita -->\n<\/div><\/div>\n\t\t\t\t\t\t<\/div>\n\t\t\t\t<\/div>\n\t\t\t\t<div class=\"elementor-element elementor-element-45e2ff3 titulos-faveni elementor-widget-tablet__width-inherit elementor-widget elementor-widget-image-box\" data-id=\"45e2ff3\" data-element_type=\"widget\" data-e-type=\"widget\" data-widget_type=\"image-box.default\">\n\t\t\t\t\t<div class=\"elementor-image-box-wrapper\"><div class=\"elementor-image-box-content\"><p class=\"elementor-image-box-description\">Servi\u00e7os Prestados<\/p><\/div><\/div>\t\t\t\t<\/div>\n\t\t\t\t<div class=\"elementor-element elementor-element-aad5814 elementor-widget elementor-widget-text-editor\" data-id=\"aad5814\" data-element_type=\"widget\" data-e-type=\"widget\" data-widget_type=\"text-editor.default\">\n\t\t\t\t\t\t\t\t\t<p><strong>CADASTRO<\/strong><\/p><p>Os alunos ser\u00e3o cadastrados no sistema da biblioteca automaticamente, atrav\u00e9s de suas matr\u00edculas\u00a0efetuadas na secretaria acad\u00eamica. Professores e demais funcion\u00e1rios ter\u00e3o que se cadastrar na biblioteca. Para adquirir a carteirinha de acesso aos servi\u00e7os da biblioteca, todos os usu\u00e1rios (alunos, professores e funcion\u00e1rios) ter\u00e3o que efetuar o pagamento no atendimento da Centro Universit\u00e1rio FAVENI e apresentar o comprovante na biblioteca.<\/p><p><strong>ACESSO AOS LIVROS<\/strong><\/p><p>Para facilitar a busca de materiais nas estantes sugere-se uma consulta pr\u00e9via no cat\u00e1logo on-line localizado nos terminais de consulta pr\u00f3ximos \u00e0s estantes.<br \/>A consulta pode ser feita por t\u00edtulo (em ordem alfab\u00e9tica), autor (\u00faltimo sobrenome) e assunto. Localizado o material de interesse, anotar o c\u00f3digo CDU. Os livros est\u00e3o dispostos nas estantes por ordem num\u00e9rica de assunto (CDU) seguido da nota\u00e7\u00e3o de autor ou cutter (tr\u00eas primeiras letras do \u00faltimo sobrenome do autor em<br \/>mai\u00fasculo e tr\u00eas primeiras letras da primeira palavra do t\u00edtulo em min\u00fasculo).<\/p><p>Ex: T\u00edtulo do livro: Computa\u00e7\u00e3o Gr\u00e1fica<br \/>Autor: Eduardo Azevedo<br \/>Anotar: 004.92 AZE\/com<br \/>C\u00f3digo CDU Nota\u00e7\u00e3o de Autor ou Cutter<\/p><p><strong>CONSULTA LOCAL<\/strong><\/p><p>Um exemplar de cada livro da bibliografia b\u00e1sica \u00e9 reservado, ou seja, n\u00e3o dispon\u00edvel para empr\u00e9stimo domiciliar para que a biblioteca sempre tenha dispon\u00edvel. Eles est\u00e3o identificados com uma tarja vermelha. Outros livros, conhecidos como materiais de refer\u00eancia (dicion\u00e1rios, enciclop\u00e9dias, manuais, guias) tamb\u00e9m n\u00e3o s\u00e3o dispon\u00edveis para empr\u00e9stimo, pois tratam-se de materiais complementares \u00e0 pesquisa, n\u00e3o podendo a biblioteca ficar sem. Os peri\u00f3dicos (revistas e jornais) tamb\u00e9m s\u00e3o emprestados, pois, geralmente, s\u00f3 existe um \u00fanico exemplar de cada.<\/p><p><strong>EMPR\u00c9STIMO<\/strong><\/p><p>As quantidades de exemplares a serem emprestados e os prazos de devolu\u00e7\u00e3o variam conforme a categoria do usu\u00e1rio e o tipo de material (veja o quadro abaixo), lembrando que pode ser renovado at\u00e9 1 (uma) vez consecutiva, mediante apresenta\u00e7\u00e3o do material:<\/p><p>\u00a0<\/p><table width=\"574\"><tbody><tr><td width=\"228\"><strong>CATEGORIA<\/strong><\/td><td width=\"132\"><strong>MATERIAL<\/strong><\/td><td width=\"76\"><strong>QTD<\/strong><\/td><td width=\"142\"><strong>PRAZO (DIAS)<\/strong><\/td><\/tr><tr><td rowspan=\"2\" width=\"228\">Alunos e funcion\u00e1rios<\/td><td width=\"132\">Livros<\/td><td width=\"76\">3<\/td><td width=\"142\">7<\/td><\/tr><tr><td width=\"132\">Multimeios<\/td><td width=\"76\">3<\/td><td width=\"142\">7<\/td><\/tr><tr><td rowspan=\"2\" width=\"228\">Professores e alunos de p\u00f3s-gradua\u00e7\u00e3o<\/td><td width=\"132\">Livros<\/td><td width=\"76\">6<\/td><td width=\"142\">7<\/td><\/tr><tr><td width=\"132\">Multimeios<\/td><td width=\"76\">6<\/td><td width=\"142\">7<\/td><\/tr><\/tbody><\/table>\t\t\t\t\t\t\t\t<\/div>\n\t\t<div class=\"elementor-element elementor-element-dd9b0ae e-con-full e-flex e-con e-child\" data-id=\"dd9b0ae\" data-element_type=\"container\" data-e-type=\"container\">\n\t\t<div class=\"elementor-element elementor-element-7cd61d7 e-con-full e-flex e-con e-child\" data-id=\"7cd61d7\" data-element_type=\"container\" data-e-type=\"container\" data-settings=\"{&quot;background_background&quot;:&quot;classic&quot;}\">\n\t\t\t\t<div class=\"elementor-element elementor-element-ca8f9c9 elementor-widget elementor-widget-heading\" data-id=\"ca8f9c9\" data-element_type=\"widget\" data-e-type=\"widget\" data-widget_type=\"heading.default\">\n\t\t\t\t\t<p class=\"elementor-heading-title elementor-size-default\">Material<\/p>\t\t\t\t<\/div>\n\t\t\t\t<\/div>\n\t\t<div class=\"elementor-element elementor-element-b575407 e-con-full e-flex e-con e-child\" data-id=\"b575407\" data-element_type=\"container\" data-e-type=\"container\" data-settings=\"{&quot;background_background&quot;:&quot;classic&quot;}\">\n\t\t\t\t<div class=\"elementor-element elementor-element-836da22 elementor-widget elementor-widget-heading\" data-id=\"836da22\" data-element_type=\"widget\" data-e-type=\"widget\" data-widget_type=\"heading.default\">\n\t\t\t\t\t<p class=\"elementor-heading-title elementor-size-default\">Quantidade<\/p>\t\t\t\t<\/div>\n\t\t\t\t<\/div>\n\t\t<div class=\"elementor-element elementor-element-2a3008d e-con-full e-flex e-con e-child\" data-id=\"2a3008d\" data-element_type=\"container\" data-e-type=\"container\" data-settings=\"{&quot;background_background&quot;:&quot;classic&quot;}\">\n\t\t\t\t<div class=\"elementor-element elementor-element-be79341 elementor-widget elementor-widget-heading\" data-id=\"be79341\" data-element_type=\"widget\" data-e-type=\"widget\" data-widget_type=\"heading.default\">\n\t\t\t\t\t<p class=\"elementor-heading-title elementor-size-default\">Categorias de usu\u00e1rios<\/p>\t\t\t\t<\/div>\n\t\t\t\t<\/div>\n\t\t\t\t<\/div>\n\t\t<div class=\"elementor-element elementor-element-b63e5f7 e-con-full e-flex e-con e-child\" data-id=\"b63e5f7\" data-element_type=\"container\" data-e-type=\"container\">\n\t\t<div class=\"elementor-element elementor-element-28a19ad e-con-full e-flex e-con e-child\" data-id=\"28a19ad\" data-element_type=\"container\" data-e-type=\"container\" data-settings=\"{&quot;background_background&quot;:&quot;classic&quot;}\">\n\t\t\t\t<div class=\"elementor-element elementor-element-02a06d3 elementor-widget elementor-widget-heading\" data-id=\"02a06d3\" data-element_type=\"widget\" data-e-type=\"widget\" data-widget_type=\"heading.default\">\n\t\t\t\t\t<p class=\"elementor-heading-title elementor-size-default\">T\u00edtulo da chamada<\/p>\t\t\t\t<\/div>\n\t\t\t\t<\/div>\n\t\t<div class=\"elementor-element elementor-element-b637dd3 e-con-full e-flex e-con e-child\" data-id=\"b637dd3\" data-element_type=\"container\" data-e-type=\"container\" data-settings=\"{&quot;background_background&quot;:&quot;classic&quot;}\">\n\t\t\t\t<\/div>\n\t\t<div class=\"elementor-element elementor-element-52d172f e-con-full e-flex e-con e-child\" data-id=\"52d172f\" data-element_type=\"container\" data-e-type=\"container\" data-settings=\"{&quot;background_background&quot;:&quot;classic&quot;}\">\n\t\t\t\t<div class=\"elementor-element elementor-element-f48c647 elementor-widget elementor-widget-heading\" data-id=\"f48c647\" data-element_type=\"widget\" data-e-type=\"widget\" data-widget_type=\"heading.default\">\n\t\t\t\t\t<p class=\"elementor-heading-title elementor-size-default\">Categorias de usu\u00e1rios<\/p>\t\t\t\t<\/div>\n\t\t\t\t<\/div>\n\t\t\t\t<\/div>\n\t\t<div class=\"elementor-element elementor-element-89604a6 e-con-full e-flex e-con e-child\" data-id=\"89604a6\" data-element_type=\"container\" data-e-type=\"container\">\n\t\t<div class=\"elementor-element elementor-element-973cf95 e-con-full e-flex e-con e-child\" data-id=\"973cf95\" data-element_type=\"container\" data-e-type=\"container\" data-settings=\"{&quot;background_background&quot;:&quot;classic&quot;}\">\n\t\t\t\t<div class=\"elementor-element elementor-element-890ee72 elementor-widget elementor-widget-heading\" data-id=\"890ee72\" data-element_type=\"widget\" data-e-type=\"widget\" data-widget_type=\"heading.default\">\n\t\t\t\t\t<p class=\"elementor-heading-title elementor-size-default\">T\u00edtulo da chamada<\/p>\t\t\t\t<\/div>\n\t\t\t\t<\/div>\n\t\t<div class=\"elementor-element elementor-element-08b0da2 e-con-full e-flex e-con e-child\" data-id=\"08b0da2\" data-element_type=\"container\" data-e-type=\"container\" data-settings=\"{&quot;background_background&quot;:&quot;classic&quot;}\">\n\t\t\t\t<div class=\"elementor-element elementor-element-276c814 elementor-widget elementor-widget-heading\" data-id=\"276c814\" data-element_type=\"widget\" data-e-type=\"widget\" data-widget_type=\"heading.default\">\n\t\t\t\t\t<p class=\"elementor-heading-title elementor-size-default\">2<\/p>\t\t\t\t<\/div>\n\t\t\t\t<\/div>\n\t\t<div class=\"elementor-element elementor-element-6d8f0a8 e-con-full e-flex e-con e-child\" data-id=\"6d8f0a8\" data-element_type=\"container\" data-e-type=\"container\" data-settings=\"{&quot;background_background&quot;:&quot;classic&quot;}\">\n\t\t\t\t<div class=\"elementor-element elementor-element-8df81d8 elementor-widget elementor-widget-heading\" data-id=\"8df81d8\" data-element_type=\"widget\" data-e-type=\"widget\" data-widget_type=\"heading.default\">\n\t\t\t\t\t<p class=\"elementor-heading-title elementor-size-default\">Categorias de usu\u00e1rios<\/p>\t\t\t\t<\/div>\n\t\t\t\t<\/div>\n\t\t\t\t<\/div>\n\t\t\t\t\t<\/div>\n\t\t\t\t<\/div>\n\t\t<div class=\"elementor-element elementor-element-a567734 e-flex e-con-boxed e-con e-parent\" data-id=\"a567734\" data-element_type=\"container\" data-e-type=\"container\">\n\t\t\t\t\t<div class=\"e-con-inner\">\n\t\t<div class=\"elementor-element elementor-element-6edd4b4 e-con-full mx-auto! max-w-[1600px] e-flex e-con e-child\" data-id=\"6edd4b4\" data-element_type=\"container\" data-e-type=\"container\" data-settings=\"{&quot;background_background&quot;:&quot;classic&quot;}\">\n\t\t\t\t<div class=\"elementor-element elementor-element-1551ea5 elementor-widget elementor-widget-shortcode\" data-id=\"1551ea5\" data-element_type=\"widget\" data-e-type=\"widget\" data-widget_type=\"shortcode.default\">\n\t\t\t\t\t\t\t<div class=\"elementor-shortcode\"><!-- Linha separadora -->\n<div class=\"relative mb-6 container mx-auto\">\n    <div class=\"relative\">\n        <div class=\"h-[2px] -top-[1px] bg-black\/10 w-full\"><\/div>\n        <div class=\"absolute top-0 left-0 h-[2px] w-10 bg-divisor\"><\/div> <!-- Linha verde curta -->\n    <\/div>\n<\/div><\/div>\n\t\t\t\t\t\t<\/div>\n\t\t\t\t<div class=\"elementor-element elementor-element-40a4ddc titulos-faveni elementor-widget__width-initial elementor-widget-tablet__width-inherit elementor-widget elementor-widget-image-box\" data-id=\"40a4ddc\" data-element_type=\"widget\" data-e-type=\"widget\" data-widget_type=\"image-box.default\">\n\t\t\t\t\t<div class=\"elementor-image-box-wrapper\"><div class=\"elementor-image-box-content\"><h2 class=\"elementor-image-box-title\">MAIS DE 1000 CURSOS<\/h2><p class=\"elementor-image-box-description\">Por que o Centro Universit\u00e1rio FAVENI \u00e9 a escolha certa para voc\u00ea?<\/p><\/div><\/div>\t\t\t\t<\/div>\n\t\t<div class=\"elementor-element elementor-element-e53835f e-grid e-con-full e-con e-child\" data-id=\"e53835f\" data-element_type=\"container\" data-e-type=\"container\">\n\t\t\t\t<div class=\"elementor-element elementor-element-df2a29b elementor-align-justify elementor-button-success elementor-widget elementor-widget-button\" data-id=\"df2a29b\" data-element_type=\"widget\" data-e-type=\"widget\" data-widget_type=\"button.default\">\n\t\t\t\t\t\t\t\t\t\t<a class=\"elementor-button elementor-button-link elementor-size-sm\" href=\"https:\/\/unifaveni.com.br\/wp-content\/uploads\/sites\/22\/2023\/07\/manual-biblioteca-pearson.pdf\" target=\"_blank\">\n\t\t\t\t\t\t<span class=\"elementor-button-content-wrapper\">\n\t\t\t\t\t\t\t\t\t<span class=\"elementor-button-text\">Manual Biblioteca Pearson<\/span>\n\t\t\t\t\t<\/span>\n\t\t\t\t\t<\/a>\n\t\t\t\t\t\t\t\t<\/div>\n\t\t\t\t<div class=\"elementor-element elementor-element-73f2249 elementor-align-justify elementor-button-success elementor-widget elementor-widget-button\" data-id=\"73f2249\" data-element_type=\"widget\" data-e-type=\"widget\" data-widget_type=\"button.default\">\n\t\t\t\t\t\t\t\t\t\t<a class=\"elementor-button elementor-button-link elementor-size-sm\" href=\"https:\/\/unifaveni.com.br\/wp-content\/uploads\/sites\/22\/2023\/07\/manual-minha-biblioteca.pdf\" target=\"_blank\">\n\t\t\t\t\t\t<span class=\"elementor-button-content-wrapper\">\n\t\t\t\t\t\t\t\t\t<span class=\"elementor-button-text\">Manual Minha Biblioteca<\/span>\n\t\t\t\t\t<\/span>\n\t\t\t\t\t<\/a>\n\t\t\t\t\t\t\t\t<\/div>\n\t\t\t\t<div class=\"elementor-element elementor-element-ce1d6ac elementor-align-justify elementor-button-success elementor-widget elementor-widget-button\" data-id=\"ce1d6ac\" data-element_type=\"widget\" data-e-type=\"widget\" data-widget_type=\"button.default\">\n\t\t\t\t\t\t\t\t\t\t<a class=\"elementor-button elementor-button-link elementor-size-sm\" href=\"https:\/\/plataforma.bvirtual.com.br\/Account\/Login?redirectUrl=%2F\" target=\"_blank\">\n\t\t\t\t\t\t<span class=\"elementor-button-content-wrapper\">\n\t\t\t\t\t\t\t\t\t<span class=\"elementor-button-text\">Biblioteca Virtual<\/span>\n\t\t\t\t\t<\/span>\n\t\t\t\t\t<\/a>\n\t\t\t\t\t\t\t\t<\/div>\n\t\t\t\t<div class=\"elementor-element elementor-element-2db18d2 elementor-align-justify elementor-button-success elementor-widget elementor-widget-button\" data-id=\"2db18d2\" data-element_type=\"widget\" data-e-type=\"widget\" data-widget_type=\"button.default\">\n\t\t\t\t\t\t\t\t\t\t<a class=\"elementor-button elementor-button-link elementor-size-sm\" href=\"https:\/\/plataforma.bvirtual.com.br\/Account\/Login?redirectUrl=%2F\">\n\t\t\t\t\t\t<span class=\"elementor-button-content-wrapper\">\n\t\t\t\t\t\t\t\t\t<span class=\"elementor-button-text\">Reposit\u00f3rio de Trabalhos Acad\u00eamicos<\/span>\n\t\t\t\t\t<\/span>\n\t\t\t\t\t<\/a>\n\t\t\t\t\t\t\t\t<\/div>\n\t\t\t\t<div class=\"elementor-element elementor-element-385e85b elementor-align-justify elementor-button-success elementor-widget elementor-widget-button\" data-id=\"385e85b\" data-element_type=\"widget\" data-e-type=\"widget\" data-widget_type=\"button.default\">\n\t\t\t\t\t\t\t\t\t\t<a class=\"elementor-button elementor-button-link elementor-size-sm\" href=\"https:\/\/unifaveni.com.br\/wp-content\/uploads\/sites\/22\/2023\/07\/REGULAMENTO-INTERNO-DA-BIBLIOTECA.pdf\" target=\"_blank\">\n\t\t\t\t\t\t<span class=\"elementor-button-content-wrapper\">\n\t\t\t\t\t\t\t\t\t<span class=\"elementor-button-text\">Regulamento Interno da Biblioteca<\/span>\n\t\t\t\t\t<\/span>\n\t\t\t\t\t<\/a>\n\t\t\t\t\t\t\t\t<\/div>\n\t\t\t\t<div class=\"elementor-element elementor-element-be81c75 elementor-align-justify elementor-button-success elementor-widget elementor-widget-button\" data-id=\"be81c75\" data-element_type=\"widget\" data-e-type=\"widget\" data-widget_type=\"button.default\">\n\t\t\t\t\t\t\t\t\t\t<a class=\"elementor-button elementor-button-link elementor-size-sm\" href=\"https:\/\/unifaveni.com.br\/wp-content\/uploads\/sites\/22\/2023\/07\/REGIMENTO-INTERNO-DA-BIBLIOTECA.pdf\" target=\"_blank\">\n\t\t\t\t\t\t<span class=\"elementor-button-content-wrapper\">\n\t\t\t\t\t\t\t\t\t<span class=\"elementor-button-text\">Regimento Interno da Biblioteca<\/span>\n\t\t\t\t\t<\/span>\n\t\t\t\t\t<\/a>\n\t\t\t\t\t\t\t\t<\/div>\n\t\t\t\t<div class=\"elementor-element elementor-element-5becc7b elementor-align-justify elementor-button-success elementor-widget elementor-widget-button\" data-id=\"5becc7b\" data-element_type=\"widget\" data-e-type=\"widget\" data-widget_type=\"button.default\">\n\t\t\t\t\t\t\t\t\t\t<a class=\"elementor-button elementor-button-link elementor-size-sm\" href=\"https:\/\/unifaveni.com.br\/wp-content\/uploads\/sites\/22\/2023\/07\/Plano-de-Contingencia-para-a-Garantia-de-Acesso-e-do-Servico.pdf\" target=\"_blank\">\n\t\t\t\t\t\t<span class=\"elementor-button-content-wrapper\">\n\t\t\t\t\t\t\t\t\t<span class=\"elementor-button-text\">Plano de Contig\u00eancia para a Garantia de Acecsso e de Servi\u00e7o<\/span>\n\t\t\t\t\t<\/span>\n\t\t\t\t\t<\/a>\n\t\t\t\t\t\t\t\t<\/div>\n\t\t\t\t<div class=\"elementor-element elementor-element-b6037aa elementor-align-justify elementor-button-success elementor-widget elementor-widget-button\" data-id=\"b6037aa\" data-element_type=\"widget\" data-e-type=\"widget\" data-widget_type=\"button.default\">\n\t\t\t\t\t\t\t\t\t\t<a class=\"elementor-button elementor-button-link elementor-size-sm\" href=\"https:\/\/unifaveni.com.br\/wp-content\/uploads\/sites\/22\/2023\/07\/Plano-de-Atualizacao-do-Acervo.pdf\" target=\"_blank\">\n\t\t\t\t\t\t<span class=\"elementor-button-content-wrapper\">\n\t\t\t\t\t\t\t\t\t<span class=\"elementor-button-text\">Plano de Atualiza\u00e7\u00e3o do Acervo<\/span>\n\t\t\t\t\t<\/span>\n\t\t\t\t\t<\/a>\n\t\t\t\t\t\t\t\t<\/div>\n\t\t\t\t<div class=\"elementor-element elementor-element-07941bd elementor-align-justify elementor-button-success elementor-widget elementor-widget-button\" data-id=\"07941bd\" data-element_type=\"widget\" data-e-type=\"widget\" data-widget_type=\"button.default\">\n\t\t\t\t\t\t\t\t\t\t<a class=\"elementor-button elementor-button-link elementor-size-sm\" href=\"https:\/\/faveni.edu.br\/periodicos-eletronicos\/\">\n\t\t\t\t\t\t<span class=\"elementor-button-content-wrapper\">\n\t\t\t\t\t\t\t\t\t<span class=\"elementor-button-text\">Peri\u00f3dicos Cient\u00edficos Especializados - Online<\/span>\n\t\t\t\t\t<\/span>\n\t\t\t\t\t<\/a>\n\t\t\t\t\t\t\t\t<\/div>\n\t\t\t\t<\/div>\n\t\t\t\t<\/div>\n\t\t\t\t\t<\/div>\n\t\t\t\t<\/div>\n\t\t\t\t<\/div>\n\t\t","protected":false},"excerpt":{"rendered":"<p>CONHE\u00c7A OS NOSSOS PRINCIPAIS DIFERENCIAIS Por que o Centro Universit\u00e1rio FAVENI \u00e9 a escolha certa para voc\u00ea? FUNCIONAMENTO A Biblioteca da CENTRO UNIVERSIT\u00c1RIO FAVENI \u00e9 aberta ao p\u00fablico\u00a0 acad\u00eamico, escolar e \u00e0 comunidade em geral para consulta ao acervo. O empr\u00e9stimo domiciliar \u00e9 privativo aos alunos, docentes e funcion\u00e1rios que estiverem devidamente cadastrados no sistema [&hellip;]<\/p>\n","protected":false},"author":1,"featured_media":0,"parent":0,"menu_order":0,"comment_status":"closed","ping_status":"closed","template":"","meta":{"_acf_changed":false,"footnotes":""},"class_list":["post-1305","page","type-page","status-publish","hentry"],"acf":[],"_links":{"self":[{"href":"https:\/\/homologa.centralfaveni.com.br\/virgem\/wp-json\/wp\/v2\/pages\/1305","targetHints":{"allow":["GET"]}}],"collection":[{"href":"https:\/\/homologa.centralfaveni.com.br\/virgem\/wp-json\/wp\/v2\/pages"}],"about":[{"href":"https:\/\/homologa.centralfaveni.com.br\/virgem\/wp-json\/wp\/v2\/types\/page"}],"author":[{"embeddable":true,"href":"https:\/\/homologa.centralfaveni.com.br\/virgem\/wp-json\/wp\/v2\/users\/1"}],"replies":[{"embeddable":true,"href":"https:\/\/homologa.centralfaveni.com.br\/virgem\/wp-json\/wp\/v2\/comments?post=1305"}],"version-history":[{"count":0,"href":"https:\/\/homologa.centralfaveni.com.br\/virgem\/wp-json\/wp\/v2\/pages\/1305\/revisions"}],"wp:attachment":[{"href":"https:\/\/homologa.centralfaveni.com.br\/virgem\/wp-json\/wp\/v2\/media?parent=1305"}],"curies":[{"name":"wp","href":"https:\/\/api.w.org\/{rel}","templated":true}]}}