{"id":1723,"date":"2025-04-07T12:26:06","date_gmt":"2025-04-07T15:26:06","guid":{"rendered":"https:\/\/homologa.digital\/centralfaveni\/virgem\/?page_id=1723"},"modified":"2025-05-12T14:21:37","modified_gmt":"2025-05-12T17:21:37","slug":"polos","status":"publish","type":"page","link":"https:\/\/homologa.centralfaveni.com.br\/virgem\/polos\/","title":{"rendered":"Polos"},"content":{"rendered":"\t\t<div data-elementor-type=\"wp-page\" data-elementor-id=\"1723\" class=\"elementor elementor-1723\" data-elementor-post-type=\"page\">\n\t\t\t\t<div class=\"elementor-element elementor-element-fc69742 e-flex e-con-boxed e-con e-parent\" data-id=\"fc69742\" data-element_type=\"container\" data-e-type=\"container\">\n\t\t\t\t\t<div class=\"e-con-inner\">\n\t\t\t\t<div class=\"elementor-element elementor-element-d2fcc40 elementor-widget elementor-widget-shortcode\" data-id=\"d2fcc40\" data-element_type=\"widget\" data-e-type=\"widget\" data-widget_type=\"shortcode.default\">\n\t\t\t\t\t\t\t<div class=\"elementor-shortcode\"><!-- Linha separadora -->\n<div class=\"relative mb-6 container mx-auto\">\n    <div class=\"relative\">\n        <div class=\"h-[2px] -top-[1px] bg-black\/10 w-full\"><\/div>\n        <div class=\"absolute top-0 left-0 h-[2px] w-10 bg-divisor\"><\/div> <!-- Linha verde curta -->\n    <\/div>\n<\/div><\/div>\n\t\t\t\t\t\t<\/div>\n\t\t<div class=\"elementor-element elementor-element-34c438c e-con-full e-flex e-con e-child\" data-id=\"34c438c\" data-element_type=\"container\" data-e-type=\"container\">\n\t\t<div class=\"elementor-element elementor-element-39f37f1 e-con-full e-flex e-con e-child\" data-id=\"39f37f1\" data-element_type=\"container\" data-e-type=\"container\">\n\t\t\t\t<div class=\"elementor-element elementor-element-cb0a4b8 titulos-faveni elementor-widget__width-initial elementor-widget-tablet__width-inherit elementor-widget elementor-widget-image-box\" data-id=\"cb0a4b8\" data-element_type=\"widget\" data-e-type=\"widget\" data-widget_type=\"image-box.default\">\n\t\t\t\t\t<div class=\"elementor-image-box-wrapper\"><div class=\"elementor-image-box-content\"><h2 class=\"elementor-image-box-title\">ESTUDE PERTO DE VOC\u00ca<\/h2><p class=\"elementor-image-box-description\">Conhe\u00e7a os Nossos Polos Educacionais<\/p><\/div><\/div>\t\t\t\t<\/div>\n\t\t\t\t<\/div>\n\t\t<div class=\"elementor-element elementor-element-030a8fe e-con-full e-flex e-con e-child\" data-id=\"030a8fe\" data-element_type=\"container\" data-e-type=\"container\">\n\t\t\t\t<div class=\"elementor-element elementor-element-98da62a elementor-widget elementor-widget-text-editor\" data-id=\"98da62a\" data-element_type=\"widget\" data-e-type=\"widget\" data-widget_type=\"text-editor.default\">\n\t\t\t\t\t\t\t\t\t<p>O Grupo FAVENI tem polos em todo o Brasil, garantindo acesso \u00e0 educa\u00e7\u00e3o de excel\u00eancia. Clique nas caixas de busca abaixo, selecione sua regi\u00e3o, Estado e Cidade para encontrar o polo mais pr\u00f3ximo de voc\u00ea. Comece sua jornada acad\u00eamica agora!<\/p>\t\t\t\t\t\t\t\t<\/div>\n\t\t\t\t<\/div>\n\t\t\t\t<\/div>\n\t\t<div class=\"elementor-element elementor-element-12059d3 e-con-full e-flex e-con e-child\" data-id=\"12059d3\" data-element_type=\"container\" data-e-type=\"container\">\n\t\t<div class=\"elementor-element elementor-element-642ec0e e-con-full e-flex e-con e-child\" data-id=\"642ec0e\" data-element_type=\"container\" data-e-type=\"container\">\n\t\t\t\t<div class=\"elementor-element elementor-element-cb7eeb2 elementor-widget elementor-widget-heading\" data-id=\"cb7eeb2\" data-element_type=\"widget\" data-e-type=\"widget\" data-widget_type=\"heading.default\">\n\t\t\t\t\t<p class=\"elementor-heading-title elementor-size-default\">Seu Polo est\u00e1 a um clique de dist\u00e2ncia:<\/p>\t\t\t\t<\/div>\n\t\t\t\t<div class=\"elementor-element elementor-element-d21b3b1 elementor-hidden-desktop elementor-hidden-tablet elementor-hidden-mobile elementor-widget elementor-widget-shortcode\" data-id=\"d21b3b1\" data-element_type=\"widget\" data-e-type=\"widget\" data-widget_type=\"shortcode.default\">\n\t\t\t\t\t\t\t<div class=\"elementor-shortcode\">    <label for=\"toggle-geo\" class=\"switch\">\n        <input type=\"checkbox\" id=\"toggle-geo\">\n        <span class=\"slider round\"><\/span>\n    <\/label>\n    <style>\n        .switch {\n            position: relative;\n            display: inline-block;\n            width: 34px;\n            height: 20px;\n        }\n\n        .switch input {\n            opacity: 0;\n            width: 0;\n            height: 0;\n        }\n\n        .slider {\n            position: absolute;\n            cursor: pointer;\n            top: 0;\n            left: 0;\n            right: 0;\n            bottom: 0;\n            background-color: #ccc;\n            transition: .4s;\n        }\n\n        .slider:before {\n            position: absolute;\n            content: \"\";\n            height: 14px;\n            width: 14px;\n            left: 3px;\n            bottom: 3px;\n            background-color: white;\n            transition: .4s;\n        }\n\n        input:checked+.slider {\n            background-color: #4CAF50;\n        }\n\n        input:checked+.slider:before {\n            transform: translateX(14px);\n        }\n\n        \/* Rounded sliders *\/\n        .slider.round {\n            border-radius: 34px;\n        }\n\n        .slider.round:before {\n            border-radius: 50%;\n        }\n    <\/style>\n    <script type=\"text\/javascript\">\n        jQuery(document).ready(function($) {\n            function selectNext(labels, depth) {\n                if (labels.length === 0) return;\n\n                var label = labels.shift();\n                var selector = \".jet-select__control.depth-\" + depth;\n\n                $(selector).find('option[data-label=\"' + label + '\"]').prop('selected', true).trigger(\"change\");\n\n                \/\/ Aguardar a atualiza\u00e7\u00e3o do DOM antes de selecionar o pr\u00f3ximo label\n                setTimeout(function() {\n                    selectNext(labels, depth + 1);\n                }, 1500); \/\/ Ajuste o tempo conforme necess\u00e1rio\n            }\n\n            $('#toggle-geo').change(function() {\n                if (this.checked) {\n                    setTimeout(function() {\n                        selectNext([\"Desconhecida\",\"Ohio\"], 0);\n                    }, 100);\n                } else {\n                    $('.jet-remove-all-filters__button').trigger('click'); \/\/ Simula o clique no bot\u00e3o de limpar filtros\n                }\n            });\n        });\n    <\/script>\n <\/div>\n\t\t\t\t\t\t<\/div>\n\t\t\t\t<div class=\"elementor-element elementor-element-ff4adf0 jet-smart-filter-content-position-line jet-smart-filter-group-position-column elementor-widget elementor-widget-jet-smart-filters-select\" data-id=\"ff4adf0\" data-element_type=\"widget\" data-e-type=\"widget\" data-widget_type=\"jet-smart-filters-select.default\">\n\t\t\t\t<div class=\"elementor-widget-container\">\n\t\t\t\t\t<div class=\"jet-smart-filters-hierarchy jet-filter jet-filter-indexed\" data-indexer-rule=\"show\" data-show-counter=\"\" data-change-counter=\"always\"><div class=\"jet-filters-group\">\n<div class=\"jet-select\" data-query-type=\"tax_query\" data-query-var=\"localidade\" data-smart-filter=\"select\" data-filter-id=\"1738\" data-apply-type=\"ajax\" data-content-provider=\"jet-engine\" data-additional-providers=\"[&quot;jet-engine-maps\\\/mapa-polos&quot;]\" data-query-id=\"polos\" data-active-label=\"\" data-layout-options=\"{&quot;show_label&quot;:&quot;&quot;,&quot;display_options&quot;:{&quot;show_items_label&quot;:false,&quot;show_decorator&quot;:false,&quot;filter_image_size&quot;:&quot;full&quot;,&quot;show_counter&quot;:false}}\" data-query-var-suffix=\"\" data-apply-on=\"value\" data-hierarchical=\"1\">\n\t\t\t\t<select\n\t\t\tclass=\"jet-select__control depth-0\"\n\t\t\tname=\"localidade\"\n\t\t\t\t\t\taria-label=\"Filtro Polos\"\n\t\t>\n\t\t\t\t\t\t\t<option value=\"\">\n\t\t\t\t\tRegi\u00e3o\t\t\t\t<\/option>\n\t\t\t\t\t\t<\/select>\n\t<\/div><div class=\"jet-select\" data-query-type=\"tax_query\" data-query-var=\"localidade\" data-smart-filter=\"select\" data-filter-id=\"1738\" data-apply-type=\"ajax\" data-content-provider=\"jet-engine\" data-additional-providers=\"[&quot;jet-engine-maps\\\/mapa-polos&quot;]\" data-query-id=\"polos\" data-active-label=\"\" data-layout-options=\"{&quot;show_label&quot;:&quot;&quot;,&quot;display_options&quot;:{&quot;show_items_label&quot;:false,&quot;show_decorator&quot;:false,&quot;filter_image_size&quot;:&quot;full&quot;,&quot;show_counter&quot;:false}}\" data-query-var-suffix=\"\" data-apply-on=\"value\" data-hierarchical=\"1\">\n\t\t\t\t<select\n\t\t\tclass=\"jet-select__control depth-1\"\n\t\t\tname=\"localidade\"\n\t\t\t\t\t\taria-label=\"Filtro Polos\"\n\t\t>\n\t\t\t\t\t\t\t<option value=\"\">\n\t\t\t\t\tEstado\t\t\t\t<\/option>\n\t\t\t\t\t\t<\/select>\n\t<\/div><div class=\"jet-select\" data-query-type=\"tax_query\" data-query-var=\"localidade\" data-smart-filter=\"select\" data-filter-id=\"1738\" data-apply-type=\"ajax\" data-content-provider=\"jet-engine\" data-additional-providers=\"[&quot;jet-engine-maps\\\/mapa-polos&quot;]\" data-query-id=\"polos\" data-active-label=\"\" data-layout-options=\"{&quot;show_label&quot;:&quot;&quot;,&quot;display_options&quot;:{&quot;show_items_label&quot;:false,&quot;show_decorator&quot;:false,&quot;filter_image_size&quot;:&quot;full&quot;,&quot;show_counter&quot;:false}}\" data-query-var-suffix=\"\" data-apply-on=\"value\" data-hierarchical=\"1\">\n\t\t\t\t<select\n\t\t\tclass=\"jet-select__control depth-2\"\n\t\t\tname=\"localidade\"\n\t\t\t\t\t\taria-label=\"Filtro Polos\"\n\t\t>\n\t\t\t\t\t\t\t<option value=\"\">\n\t\t\t\t\tCidade\t\t\t\t<\/option>\n\t\t\t\t\t\t<\/select>\n\t<\/div><\/div>\n<\/div>\t\t\t\t<\/div>\n\t\t\t\t<\/div>\n\t\t\t\t<div class=\"elementor-element elementor-element-48f777d elementor-widget elementor-widget-jet-smart-filters-remove-filters hide-widget\" data-id=\"48f777d\" data-element_type=\"widget\" data-e-type=\"widget\" data-widget_type=\"jet-smart-filters-remove-filters.default\">\n\t\t\t\t<div class=\"elementor-widget-container\">\n\t\t\t\t\t<div class=\"jet-smart-filters-remove-filters jet-filter\"><div class=\"jet-remove-all-filters hide\">\n\t<button\n\t\ttype=\"button\"\n\t\tclass=\"jet-remove-all-filters__button\"\n\t\tdata-content-provider=\"jet-engine\"\n\t\tdata-additional-providers=\"[&quot;jet-engine-maps\\\/mapa-polos&quot;]\"\n\t\tdata-apply-type=\"ajax\"\n\t\tdata-query-id=\"polos\"\n\t\t\t>\n\t\tLimpar filtros\t<\/button>\n<\/div><\/div>\t\t\t\t<\/div>\n\t\t\t\t<\/div>\n\t\t\t\t<\/div>\n\t\t<div class=\"elementor-element elementor-element-f903aee e-con-full e-flex e-con e-child\" data-id=\"f903aee\" data-element_type=\"container\" data-e-type=\"container\">\n\t\t\t\t<div class=\"elementor-element elementor-element-919421c elementor-widget elementor-widget-jet-engine-maps-listing\" data-id=\"919421c\" data-element_type=\"widget\" data-e-type=\"widget\" id=\"mapa-unidades\" data-widget_type=\"jet-engine-maps-listing.default\">\n\t\t\t\t\t<div class=\"jet-map-listing jet-listing-grid--1737 popup-has-pin google-provider\" data-init=\"{&quot;zoomControl&quot;:true,&quot;fullscreenControl&quot;:false,&quot;streetViewControl&quot;:true,&quot;mapTypeControl&quot;:false}\" data-markers=\"[{&quot;id&quot;:1835,&quot;latLang&quot;:{&quot;lat&quot;:-15.869458300000001571561369928531348705291748046875,&quot;lng&quot;:-47.96538810000000552236087969504296779632568359375},&quot;label&quot;:false,&quot;custom_marker&quot;:false,&quot;geo_query_distance&quot;:-1}]\" data-general=\"{&quot;api&quot;:&quot;https:\\\/\\\/homologa.centralfaveni.com.br\\\/virgem\\\/wp-json\\\/jet-engine\\\/v2\\\/get-map-marker-info\\\/&quot;,&quot;restNonce&quot;:&quot;89ec11d9c8&quot;,&quot;listingID&quot;:1737,&quot;source&quot;:&quot;posts&quot;,&quot;width&quot;:320,&quot;offset&quot;:40,&quot;clustererImg&quot;:&quot;https:\\\/\\\/homologa.centralfaveni.com.br\\\/virgem\\\/wp-content\\\/plugins\\\/jet-engine\\\/includes\\\/modules\\\/maps-listings\\\/assets\\\/lib\\\/markerclustererplus\\\/img\\\/m&quot;,&quot;marker&quot;:{&quot;type&quot;:&quot;icon&quot;,&quot;html&quot;:&quot;&lt;div class=\\&quot;jet-map-marker jet-map-marker-default apply-fill is-svg-icon\\&quot;&gt;&lt;svg class=\\&quot;e-font-icon-svg e-fas-map-marker-alt\\&quot; aria-hidden=\\&quot;true\\&quot; viewBox=\\&quot;0 0 384 512\\&quot; xmlns=\\&quot;http:\\\/\\\/www.w3.org\\\/2000\\\/svg\\&quot;&gt;&lt;path d=\\&quot;M172.268 501.67C26.97 291.031 0 269.413 0 192 0 85.961 85.961 0 192 0s192 85.961 192 192c0 77.413-26.97 99.031-172.268 309.67-9.535 13.774-29.93 13.773-39.464 0zM192 272c44.183 0 80-35.817 80-80s-35.817-80-80-80-80 35.817-80 80 35.817 80 80 80z\\&quot;&gt;&lt;\\\/path&gt;&lt;\\\/svg&gt;&lt;\\\/div&gt;&quot;},&quot;autoCenter&quot;:true,&quot;maxZoom&quot;:10,&quot;minZoom&quot;:4,&quot;customCenter&quot;:false,&quot;customZoom&quot;:11,&quot;popupPreloader&quot;:true,&quot;querySeparator&quot;:&quot;?&quot;,&quot;markerClustering&quot;:true,&quot;customClusterImg&quot;:[],&quot;clusterMaxZoom&quot;:&quot;&quot;,&quot;clusterRadius&quot;:&quot;&quot;,&quot;popupOpenOn&quot;:&quot;click&quot;,&quot;centeringOnOpen&quot;:true,&quot;zoomOnOpen&quot;:10,&quot;advanced&quot;:{&quot;zoom_control&quot;:&quot;auto&quot;},&quot;user_location_enabled&quot;:false,&quot;user_location_marker&quot;:false,&quot;user_location_label&quot;:&quot;&quot;,&quot;styles&quot;:[{&quot;featureType&quot;:&quot;landscape&quot;,&quot;stylers&quot;:[{&quot;saturation&quot;:-100},{&quot;lightness&quot;:60}]},{&quot;featureType&quot;:&quot;road.local&quot;,&quot;stylers&quot;:[{&quot;saturation&quot;:-100},{&quot;lightness&quot;:40},{&quot;visibility&quot;:&quot;on&quot;}]},{&quot;featureType&quot;:&quot;transit&quot;,&quot;stylers&quot;:[{&quot;saturation&quot;:-100},{&quot;visibility&quot;:&quot;simplified&quot;}]},{&quot;featureType&quot;:&quot;administrative.province&quot;,&quot;stylers&quot;:[{&quot;visibility&quot;:&quot;off&quot;}]},{&quot;featureType&quot;:&quot;water&quot;,&quot;stylers&quot;:[{&quot;visibility&quot;:&quot;on&quot;},{&quot;lightness&quot;:30}]},{&quot;featureType&quot;:&quot;road.highway&quot;,&quot;elementType&quot;:&quot;geometry.fill&quot;,&quot;stylers&quot;:[{&quot;color&quot;:&quot;#ef8c25&quot;},{&quot;lightness&quot;:40}]},{&quot;featureType&quot;:&quot;road.highway&quot;,&quot;elementType&quot;:&quot;geometry.stroke&quot;,&quot;stylers&quot;:[{&quot;visibility&quot;:&quot;off&quot;}]},{&quot;featureType&quot;:&quot;poi.park&quot;,&quot;elementType&quot;:&quot;geometry.fill&quot;,&quot;stylers&quot;:[{&quot;color&quot;:&quot;#b6c54c&quot;},{&quot;lightness&quot;:40},{&quot;saturation&quot;:-40}]},{}]}\" data-listing-source=\"posts\" data-queried-id=\"1723|WP_Post\"><\/div>\t\t\t\t<\/div>\n\t\t\t\t<\/div>\n\t\t\t\t<\/div>\n\t\t<div class=\"elementor-element elementor-element-d428a43 e-con-full e-flex e-con e-child\" data-id=\"d428a43\" data-element_type=\"container\" data-e-type=\"container\">\n\t\t\t\t<div class=\"elementor-element elementor-element-5e3f866 elementor-widget elementor-widget-jet-listing-grid\" data-id=\"5e3f866\" data-element_type=\"widget\" data-e-type=\"widget\" id=\"polos\" data-settings=\"{&quot;columns&quot;:3}\" data-widget_type=\"jet-listing-grid.default\">\n\t\t\t\t\t<div class=\"jet-listing-grid jet-listing\"><div class=\"jet-listing-grid__items grid-col-desk-3 grid-col-tablet-3 grid-col-mobile-3 jet-listing-grid--1737\" data-queried-id=\"1723|WP_Post\" data-nav=\"{&quot;enabled&quot;:false,&quot;type&quot;:null,&quot;more_el&quot;:null,&quot;query&quot;:[],&quot;widget_settings&quot;:{&quot;lisitng_id&quot;:1737,&quot;posts_num&quot;:6,&quot;columns&quot;:3,&quot;columns_tablet&quot;:3,&quot;columns_mobile&quot;:3,&quot;column_min_width&quot;:240,&quot;column_min_width_tablet&quot;:240,&quot;column_min_width_mobile&quot;:240,&quot;inline_columns_css&quot;:false,&quot;is_archive_template&quot;:&quot;&quot;,&quot;post_status&quot;:[&quot;publish&quot;],&quot;use_random_posts_num&quot;:&quot;&quot;,&quot;max_posts_num&quot;:9,&quot;not_found_message&quot;:&quot;No data was found&quot;,&quot;is_masonry&quot;:false,&quot;equal_columns_height&quot;:&quot;&quot;,&quot;use_load_more&quot;:&quot;&quot;,&quot;load_more_id&quot;:&quot;&quot;,&quot;load_more_type&quot;:&quot;click&quot;,&quot;load_more_offset&quot;:null,&quot;use_custom_post_types&quot;:&quot;&quot;,&quot;custom_post_types&quot;:[],&quot;hide_widget_if&quot;:&quot;&quot;,&quot;carousel_enabled&quot;:&quot;&quot;,&quot;slides_to_scroll&quot;:&quot;1&quot;,&quot;arrows&quot;:&quot;true&quot;,&quot;arrow_icon&quot;:&quot;fa fa-angle-left&quot;,&quot;dots&quot;:&quot;&quot;,&quot;autoplay&quot;:&quot;true&quot;,&quot;pause_on_hover&quot;:&quot;true&quot;,&quot;autoplay_speed&quot;:5000,&quot;infinite&quot;:&quot;true&quot;,&quot;center_mode&quot;:&quot;&quot;,&quot;effect&quot;:&quot;slide&quot;,&quot;speed&quot;:500,&quot;inject_alternative_items&quot;:&quot;&quot;,&quot;injection_items&quot;:[],&quot;scroll_slider_enabled&quot;:&quot;&quot;,&quot;scroll_slider_on&quot;:[&quot;desktop&quot;,&quot;tablet&quot;,&quot;mobile&quot;],&quot;custom_query&quot;:false,&quot;custom_query_id&quot;:&quot;&quot;,&quot;_element_id&quot;:&quot;polos&quot;,&quot;collapse_first_last_gap&quot;:false,&quot;list_tag_selection&quot;:&quot;&quot;,&quot;list_items_wrapper_tag&quot;:&quot;div&quot;,&quot;list_item_tag&quot;:&quot;div&quot;,&quot;empty_items_wrapper_tag&quot;:&quot;div&quot;}}\" data-page=\"1\" data-pages=\"1\" data-listing-source=\"posts\" data-listing-id=\"1737\" data-query-id=\"\"><div class=\"jet-listing-grid__item jet-listing-dynamic-post-1835\" data-post-id=\"1835\"  >\t\t<div data-elementor-type=\"jet-listing-items\" data-elementor-id=\"1737\" class=\"elementor elementor-1737\" data-elementor-post-type=\"jet-engine\">\n\t\t\t\t<div class=\"elementor-element elementor-element-3756a8d e-con-full e-flex e-con e-parent\" data-id=\"3756a8d\" data-element_type=\"container\" data-e-type=\"container\">\n\t\t\t\t<div class=\"elementor-element elementor-element-f0529aa elementor-cta--skin-classic elementor-animated-content elementor-bg-transform elementor-bg-transform-zoom-in elementor-widget elementor-widget-call-to-action\" data-id=\"f0529aa\" data-element_type=\"widget\" data-e-type=\"widget\" data-widget_type=\"call-to-action.default\">\n\t\t\t\t\t\t\t<div class=\"elementor-cta\">\n\t\t\t\t\t<div class=\"elementor-cta__bg-wrapper\">\n\t\t\t\t<div class=\"elementor-cta__bg elementor-bg\" style=\"background-image: url(https:\/\/homologa.centralfaveni.com.br\/virgem\/wp-content\/uploads\/sites\/4\/2025\/02\/post-blog.webp);\" role=\"img\" aria-label=\"post-blog\"><\/div>\n\t\t\t\t<div class=\"elementor-cta__bg-overlay\"><\/div>\n\t\t\t<\/div>\n\t\t\t\t\t\t\t<div class=\"elementor-cta__content\">\n\t\t\t\t\n\t\t\t\t\t\t\t\t\t<h6 class=\"elementor-cta__title elementor-cta__content-item elementor-content-item\">\n\t\t\t\t\t\tBras\u00edlia &#8211; DF\t\t\t\t\t<\/h6>\n\t\t\t\t\n\t\t\t\t\t\t\t\t\t<span class=\"elementor-cta__description elementor-cta__content-item elementor-content-item\">\n\t\t\t\t\t\t\u00c1rea Especial 12 - Lote E - Loja 01 3\u00aa Av. \u00c1rea Especial 12 - N\u00facleo Bandeirante, DF, 71720-590\t\t\t\t\t<\/span>\n\t\t\t\t\n\t\t\t\t\t\t\t<\/div>\n\t\t\t\t\t\t<\/div>\n\t\t\t\t\t\t<\/div>\n\t\t<div class=\"elementor-element elementor-element-a7b6a2c e-flex e-con-boxed e-con e-child\" data-id=\"a7b6a2c\" data-element_type=\"container\" data-e-type=\"container\" data-settings=\"{&quot;background_background&quot;:&quot;classic&quot;}\">\n\t\t\t\t\t<div class=\"e-con-inner\">\n\t\t\t\t<div class=\"elementor-element elementor-element-473c5a4 elementor-icon-list--layout-inline elementor-align-center jedv-enabled--yes elementor-list-item-link-full_width elementor-widget elementor-widget-icon-list\" data-id=\"473c5a4\" data-element_type=\"widget\" data-e-type=\"widget\" data-widget_type=\"icon-list.default\">\n\t\t\t\t\t\t\t<ul class=\"elementor-icon-list-items elementor-inline-items\">\n\t\t\t\t\t\t\t<li class=\"elementor-icon-list-item elementor-inline-item\">\n\t\t\t\t\t\t\t\t\t\t\t<span class=\"elementor-icon-list-icon\">\n\t\t\t\t\t\t\t<svg aria-hidden=\"true\" class=\"e-font-icon-svg e-fas-phone-alt\" viewBox=\"0 0 512 512\" xmlns=\"http:\/\/www.w3.org\/2000\/svg\"><path d=\"M497.39 361.8l-112-48a24 24 0 0 0-28 6.9l-49.6 60.6A370.66 370.66 0 0 1 130.6 204.11l60.6-49.6a23.94 23.94 0 0 0 6.9-28l-48-112A24.16 24.16 0 0 0 122.6.61l-104 24A24 24 0 0 0 0 48c0 256.5 207.9 464 464 464a24 24 0 0 0 23.4-18.6l24-104a24.29 24.29 0 0 0-14.01-27.6z\"><\/path><\/svg>\t\t\t\t\t\t<\/span>\n\t\t\t\t\t\t\t\t\t\t<span class=\"elementor-icon-list-text\">(61) 98416-0435<\/span>\n\t\t\t\t\t\t\t\t\t<\/li>\n\t\t\t\t\t\t<\/ul>\n\t\t\t\t\t\t<\/div>\n\t\t\t\t\t<\/div>\n\t\t\t\t<\/div>\n\t\t\t\t<\/div>\n\t\t\t\t<\/div>\n\t\t<\/div><\/div><\/div>\t\t\t\t<\/div>\n\t\t\t\t<div class=\"elementor-element elementor-element-2941d50 elementor-widget elementor-widget-jet-smart-filters-pagination\" data-id=\"2941d50\" data-element_type=\"widget\" data-e-type=\"widget\" data-widget_type=\"jet-smart-filters-pagination.default\">\n\t\t\t\t<div class=\"elementor-widget-container\">\n\t\t\t\t\t<div\n\t\t\t\tclass=\"jet-smart-filters-pagination jet-filter\"\n\t\t\t\tdata-apply-provider=\"jet-engine\"\n\t\t\t\tdata-content-provider=\"jet-engine\"\n\t\t\t\tdata-query-id=\"polos\"\n\t\t\t\tdata-controls=\"{&quot;items_enabled&quot;:false,&quot;nav_enabled&quot;:false,&quot;load_more_enabled&quot;:true,&quot;load_more_text&quot;:&quot;Carregar Mais&quot;,&quot;provider_top_offset&quot;:0}\"\n\t\t\t\tdata-apply-type=\"ajax\"\n\t\t\t><\/div>\t\t\t\t<\/div>\n\t\t\t\t<\/div>\n\t\t\t\t<\/div>\n\t\t\t\t\t<\/div>\n\t\t\t\t<\/div>\n\t\t\t\t<\/div>\n\t\t","protected":false},"excerpt":{"rendered":"<p>ESTUDE PERTO DE VOC\u00ca Conhe\u00e7a os Nossos Polos Educacionais O Grupo FAVENI tem polos em todo o Brasil, garantindo acesso \u00e0 educa\u00e7\u00e3o de excel\u00eancia. Clique nas caixas de busca abaixo, selecione sua regi\u00e3o, Estado e Cidade para encontrar o polo mais pr\u00f3ximo de voc\u00ea. Comece sua jornada acad\u00eamica agora! Seu Polo est\u00e1 a um clique [&hellip;]<\/p>\n","protected":false},"author":1,"featured_media":0,"parent":0,"menu_order":0,"comment_status":"closed","ping_status":"closed","template":"","meta":{"_acf_changed":false,"footnotes":""},"class_list":["post-1723","page","type-page","status-publish","hentry"],"acf":[],"_links":{"self":[{"href":"https:\/\/homologa.centralfaveni.com.br\/virgem\/wp-json\/wp\/v2\/pages\/1723","targetHints":{"allow":["GET"]}}],"collection":[{"href":"https:\/\/homologa.centralfaveni.com.br\/virgem\/wp-json\/wp\/v2\/pages"}],"about":[{"href":"https:\/\/homologa.centralfaveni.com.br\/virgem\/wp-json\/wp\/v2\/types\/page"}],"author":[{"embeddable":true,"href":"https:\/\/homologa.centralfaveni.com.br\/virgem\/wp-json\/wp\/v2\/users\/1"}],"replies":[{"embeddable":true,"href":"https:\/\/homologa.centralfaveni.com.br\/virgem\/wp-json\/wp\/v2\/comments?post=1723"}],"version-history":[{"count":0,"href":"https:\/\/homologa.centralfaveni.com.br\/virgem\/wp-json\/wp\/v2\/pages\/1723\/revisions"}],"wp:attachment":[{"href":"https:\/\/homologa.centralfaveni.com.br\/virgem\/wp-json\/wp\/v2\/media?parent=1723"}],"curies":[{"name":"wp","href":"https:\/\/api.w.org\/{rel}","templated":true}]}}