{"id":2448,"date":"2025-04-29T14:04:59","date_gmt":"2025-04-29T17:04:59","guid":{"rendered":"https:\/\/homologa.digital\/centralfaveni\/virgem\/?page_id=2448"},"modified":"2025-04-29T14:05:42","modified_gmt":"2025-04-29T17:05:42","slug":"periodicos-eletronicos","status":"publish","type":"page","link":"https:\/\/homologa.centralfaveni.com.br\/virgem\/periodicos-eletronicos\/","title":{"rendered":"Peri\u00f3dicos Eletr\u00f4nicos"},"content":{"rendered":"\t\t<div data-elementor-type=\"wp-page\" data-elementor-id=\"2448\" class=\"elementor elementor-2448\" data-elementor-post-type=\"page\">\n\t\t\t\t<div class=\"elementor-element elementor-element-309f67b e-flex e-con-boxed e-con e-parent\" data-id=\"309f67b\" data-element_type=\"container\" data-e-type=\"container\">\n\t\t\t\t\t<div class=\"e-con-inner\">\n\t\t\t\t<div class=\"elementor-element elementor-element-06fccd8 elementor-widget elementor-widget-heading\" data-id=\"06fccd8\" data-element_type=\"widget\" data-e-type=\"widget\" data-widget_type=\"heading.default\">\n\t\t\t\t\t<h2 class=\"elementor-heading-title elementor-size-default\">Peri\u00f3dicos<\/h2>\t\t\t\t<\/div>\n\t\t\t\t<div class=\"elementor-element elementor-element-1867245 elementor-widget elementor-widget-text-editor\" data-id=\"1867245\" data-element_type=\"widget\" data-e-type=\"widget\" data-widget_type=\"text-editor.default\">\n\t\t\t\t\t\t\t\t\t<p>Este documento tem por objetivo prevenir, minimizar as ocorr\u00eancias eventuais que possam impactar os servi\u00e7os prestados aos usu\u00e1rios da biblioteca do CENTRO UNIVERSIT\u00c1RIO FAVENI, garantindo a continuidade e qualidade do funcionamento dos mesmos.<br \/><br \/>O plano de conting\u00eancia constitui-se de procedimentos e medidas preventivas que garantam o acesso aos usu\u00e1rios \u00e0s bibliografias b\u00e1sicas e complementares dos cursos ofertados pelo CENTRO UNIVERSIT\u00c1RIO FAVENI e os servi\u00e7os prestados pela biblioteca em caso de ocorr\u00eancias que provoquem algum evento que impossibilitem seu funcionamento normal.<\/p>\t\t\t\t\t\t\t\t<\/div>\n\t\t\t\t<div class=\"elementor-element elementor-element-8f8c612 elementor-widget elementor-widget-heading\" data-id=\"8f8c612\" data-element_type=\"widget\" data-e-type=\"widget\" data-widget_type=\"heading.default\">\n\t\t\t\t\t<h2 class=\"elementor-heading-title elementor-size-default\">Servi\u00e7os Prestados<\/h2>\t\t\t\t<\/div>\n\t\t\t\t<div class=\"elementor-element elementor-element-afcd3a7 elementor-widget elementor-widget-text-editor\" data-id=\"afcd3a7\" data-element_type=\"widget\" data-e-type=\"widget\" data-widget_type=\"text-editor.default\">\n\t\t\t\t\t\t\t\t\t<p>O CENTRO UNIVERSIT\u00c1RIO FAVENI possui plano de atualiza\u00e7\u00e3o do acervo, considerando a aloca\u00e7\u00e3o de recursos, a\u00e7\u00f5es corretivas associadas ao acompanhamento e \u00e0 avalia\u00e7\u00e3o do acervo pela comunidade acad\u00eamica.<\/p><p>O plano de atualiza\u00e7\u00e3o do acervo contempla os procedimentos para a aquisi\u00e7\u00f5es da bibliografia b\u00e1sica e complementar indicada para os componentes curriculares que integram a matriz curricular dos cursos do CENTRO UNIVERSIT\u00c1RIO FAVENI, e a sua permanente atualiza\u00e7\u00e3o.<\/p>\t\t\t\t\t\t\t\t<\/div>\n\t\t\t\t<div class=\"elementor-element elementor-element-be12893 elementor-widget elementor-widget-text-editor\" data-id=\"be12893\" data-element_type=\"widget\" data-e-type=\"widget\" data-widget_type=\"text-editor.default\">\n\t\t\t\t\t\t\t\t\t\n<ul>\n\n<li><a href=\"https:\/\/unifaveni.com.br\/wp-content\/uploads\/sites\/22\/2023\/07\/Periodicos-cientificos-especializados-online.pdf\" target=\"_blank\">Peri\u00f3dicos cient\u00edficos especializados \u2013 Educa\u00e7\u00e3o especial \u2013 online<\/a><\/li>\n\n<li><a href=\"https:\/\/unifaveni.com.br\/wp-content\/uploads\/sites\/22\/2023\/07\/PERIODICOS-CIENTIFICOS-ESPECIALIZADOS-QUIMICA-1.pdf\" target=\"_blank\">Peri\u00f3dicos cient\u00edficos especializados \u2013 Qu\u00edmica \u2013 online<\/a><\/li>\n\n<li><a href=\"https:\/\/unifaveni.com.br\/wp-content\/uploads\/sites\/22\/2023\/07\/PERIODICOS-CIENTIFICOS-ESPECIALIZADOS-%E2%80%93-ONLINE-1.pdf\" target=\"_blank\">Peri\u00f3dicos cient\u00edficos especializados \u2013 Historia \u2013 online<\/a><\/li>\n\n<li><a href=\"https:\/\/unifaveni.com.br\/wp-content\/uploads\/sites\/22\/2023\/07\/PERIODICOS-CIENTIFICOS-ESPECIALIZADOS-%E2%80%93-ONLINE.pdf\" target=\"_blank\">Peri\u00f3dicos cient\u00edficos especializados \u2013 Matem\u00e1tica \u2013 online<\/a><\/li>\n\n<li><a href=\"https:\/\/unifaveni.com.br\/wp-content\/uploads\/sites\/22\/2023\/07\/PERIODICOS-CIENTIFICOS-ESPECIALIZADOS-%E2%80%93-ONLINE-3.pdf\" target=\"_blank\">Peri\u00f3dicos cient\u00edficos especializados \u2013 Geogr\u00e1fico \u2013 online<\/a><\/li>\n\n<li><a href=\"https:\/\/unifaveni.com.br\/wp-content\/uploads\/sites\/22\/2023\/07\/Periodicos-especializados-do-curso.pdf\" target=\"_blank\">Peri\u00f3dicos cient\u00edficos especializados \u2013 Pedagogia \u2013 online<\/a><\/li>\n\n<li><a href=\"https:\/\/unifaveni.com.br\/wp-content\/uploads\/sites\/22\/2023\/07\/PERIODICOS-CIENTIFICOS-ESPECIALIZADOS-%E2%80%93-ONLINE.docx.pdf\" target=\"_blank\">Peri\u00f3dicos cient\u00edficos especializados \u2013 Gest\u00e3o Ambiental \u2013 online<\/a><\/li>\n\n<li><a href=\"https:\/\/unifaveni.com.br\/wp-content\/uploads\/sites\/22\/2023\/07\/PERIODICOS-CIENTIFICOS-ESPECIALIZADOS.docx.pdf\" target=\"_blank\">Peri\u00f3dicos cient\u00edficos especializados \u2013 Ci\u00eancias Cont\u00e1beis \u2013 online<\/a><\/li>\n\n<li><a href=\"https:\/\/unifaveni.com.br\/wp-content\/uploads\/sites\/22\/2023\/07\/PERIODICOS-CIENTIFICOS-ESPECIALIZADOS-%E2%80%93-ONLINE.docx-1.pdf\" target=\"_blank\">Peri\u00f3dicos cient\u00edficos especializados \u2013 Sistemas de Informa\u00e7\u00e3o \u2013 online<\/a><\/li>\n\n<li><a href=\"https:\/\/unifaveni.com.br\/wp-content\/uploads\/sites\/22\/2023\/07\/PERIODICOS-CIENTIFICOS-ESPECIALIZADOS-EM-ADMINISTRACAO-%E2%80%93-ONLINE.pdf\" target=\"_blank\">Peri\u00f3dicos cient\u00edficos especializados \u2013 Administra\u00e7\u00e3o \u2013 online<\/a><\/li>\n\n<li><a href=\"https:\/\/unifaveni.com.br\/wp-content\/uploads\/sites\/22\/2023\/07\/PERIODICOS-CIENTIFICOS-ESPECIALIZADOS-EM-EDUCACAO-FISICA-%E2%80%93-ONLINE.pdf\" target=\"_blank\">Peri\u00f3dicos cient\u00edficos especializados \u2013 Educa\u00e7\u00e3o F\u00edsica \u2013 online<\/a><\/li>\n\n<li><a href=\"https:\/\/unifaveni.com.br\/wp-content\/uploads\/sites\/22\/2023\/07\/PERIODICOS-CIENTIFICOS-ESPECIALIZADOS.pdf\" target=\"_blank\">Peri\u00f3dicos cient\u00edficos especializados \u2013 Filosofia \u2013 online<\/a><\/li>\n\n<li><a href=\"https:\/\/unifaveni.com.br\/wp-content\/uploads\/sites\/22\/2023\/07\/PERIODICOS-CIENTIFICOS-ESPECIALIZADOS-1.pdf\" target=\"_blank\">Peri\u00f3dicos cient\u00edficos especializados \u2013 Gest\u00e3o da Qualidade \u2013 online<\/a><\/li>\n\n<li><a href=\"https:\/\/unifaveni.com.br\/wp-content\/uploads\/sites\/22\/2023\/07\/PERIODICOS-CIENTIFICOS-ESPECIALIZADOS-LETRAS-INGLES.pdf\" target=\"_blank\">Peri\u00f3dicos cient\u00edficos especializados \u2013 Letras\/Ingl\u00eas \u2013 online<\/a><\/li>\n\n<li><a href=\"https:\/\/unifaveni.com.br\/wp-content\/uploads\/sites\/22\/2023\/07\/PERIODICOS-CIENTIFICOS-ESPECIALIZADOS-1-1.pdf\" target=\"_blank\">Peri\u00f3dicos cient\u00edficos especializados \u2013 Letras\/Espanhol \u2013 online<\/a><\/li>\n\n<li><a href=\"https:\/\/unifaveni.com.br\/wp-content\/uploads\/sites\/22\/2023\/07\/PERIODICOS-CIENTIFICOS-ESPECIALIZADOS-3.pdf\" target=\"_blank\">Peri\u00f3dicos cient\u00edficos especializados \u2013 Gest\u00e3o Financeira \u2013 online<\/a><\/li>\n\n<li><a href=\"https:\/\/unifaveni.com.br\/wp-content\/uploads\/sites\/22\/2023\/07\/PERIODICOS-CIENTIFICOS-ESPECIALIZADOS-SEGURANCA-DO-TRABALHO.pdf\" target=\"_blank\">Peri\u00f3dicos cient\u00edficos especializados \u2013 Seguran\u00e7a do Trabalho\u00a0\u2013\u00a0online<\/a><\/li>\n\n<li><a href=\"https:\/\/unifaveni.com.br\/wp-content\/uploads\/sites\/22\/2023\/07\/PERIODICOS-CIENTIFICOS-ESPECIALIZADOS-5.pdf\" target=\"_blank\">Peri\u00f3dicos cient\u00edficos especializados \u2013 Gest\u00e3o Hospitalar \u2013 online<\/a><\/li>\n\n<\/ul>\t\t\t\t\t\t\t\t<\/div>\n\t\t\t\t\t<\/div>\n\t\t\t\t<\/div>\n\t\t\t\t<\/div>\n\t\t","protected":false},"excerpt":{"rendered":"<p>Peri\u00f3dicos Este documento tem por objetivo prevenir, minimizar as ocorr\u00eancias eventuais que possam impactar os servi\u00e7os prestados aos usu\u00e1rios da biblioteca do CENTRO UNIVERSIT\u00c1RIO FAVENI, garantindo a continuidade e qualidade do funcionamento dos mesmos. O plano de conting\u00eancia constitui-se de procedimentos e medidas preventivas que garantam o acesso aos usu\u00e1rios \u00e0s bibliografias b\u00e1sicas e complementares [&hellip;]<\/p>\n","protected":false},"author":2,"featured_media":0,"parent":0,"menu_order":0,"comment_status":"closed","ping_status":"closed","template":"","meta":{"_acf_changed":false,"footnotes":""},"class_list":["post-2448","page","type-page","status-publish","hentry"],"acf":[],"_links":{"self":[{"href":"https:\/\/homologa.centralfaveni.com.br\/virgem\/wp-json\/wp\/v2\/pages\/2448","targetHints":{"allow":["GET"]}}],"collection":[{"href":"https:\/\/homologa.centralfaveni.com.br\/virgem\/wp-json\/wp\/v2\/pages"}],"about":[{"href":"https:\/\/homologa.centralfaveni.com.br\/virgem\/wp-json\/wp\/v2\/types\/page"}],"author":[{"embeddable":true,"href":"https:\/\/homologa.centralfaveni.com.br\/virgem\/wp-json\/wp\/v2\/users\/2"}],"replies":[{"embeddable":true,"href":"https:\/\/homologa.centralfaveni.com.br\/virgem\/wp-json\/wp\/v2\/comments?post=2448"}],"version-history":[{"count":0,"href":"https:\/\/homologa.centralfaveni.com.br\/virgem\/wp-json\/wp\/v2\/pages\/2448\/revisions"}],"wp:attachment":[{"href":"https:\/\/homologa.centralfaveni.com.br\/virgem\/wp-json\/wp\/v2\/media?parent=2448"}],"curies":[{"name":"wp","href":"https:\/\/api.w.org\/{rel}","templated":true}]}}