{"id":2469,"date":"2025-04-29T14:12:32","date_gmt":"2025-04-29T17:12:32","guid":{"rendered":"https:\/\/homologa.digital\/centralfaveni\/virgem\/?page_id=2469"},"modified":"2025-04-29T14:13:27","modified_gmt":"2025-04-29T17:13:27","slug":"conheca-nos","status":"publish","type":"page","link":"https:\/\/homologa.centralfaveni.com.br\/virgem\/conheca-nos\/","title":{"rendered":"Conhe\u00e7a-nos"},"content":{"rendered":"\t\t<div data-elementor-type=\"wp-page\" data-elementor-id=\"2469\" class=\"elementor elementor-2469\" data-elementor-post-type=\"page\">\n\t\t\t\t<div class=\"elementor-element elementor-element-3375367 e-flex e-con-boxed e-con e-parent\" data-id=\"3375367\" data-element_type=\"container\" data-e-type=\"container\">\n\t\t\t\t\t<div class=\"e-con-inner\">\n\t\t\t\t<div class=\"elementor-element elementor-element-91d0868 elementor-widget elementor-widget-heading\" data-id=\"91d0868\" data-element_type=\"widget\" data-e-type=\"widget\" data-widget_type=\"heading.default\">\n\t\t\t\t\t<h2 class=\"elementor-heading-title elementor-size-default\">Conhe\u00e7a o Centro Universit\u00e1rio UNIFAVENI<\/h2>\t\t\t\t<\/div>\n\t\t\t\t<div class=\"elementor-element elementor-element-b54e122 elementor-widget elementor-widget-text-editor\" data-id=\"b54e122\" data-element_type=\"widget\" data-e-type=\"widget\" data-widget_type=\"text-editor.default\">\n\t\t\t\t\t\t\t\t\t<div data-id=\"05d5f42\" data-element_type=\"widget\" data-widget_type=\"heading.default\"><div><h5>Breve hist\u00f3rico Institucional<\/h5><\/div><\/div><div data-id=\"c1c184a\" data-element_type=\"widget\" data-widget_type=\"text-editor.default\"><div><p>O CENTRO UNIVERSIT\u00c1RIO FAVENI,\u00a0 com sede no munic\u00edpio de Guarulhos, Estado de S\u00e3o Paulo, \u00e9 um estabelecimento privado de ensino superior, mantido pelo UNIFAVENI CENTRO UNIVERSITARIO FAVENI LTDA., pessoa jur\u00eddica de direito privado com fins lucrativos, com sede e foro no munic\u00edpio de Guarulhos, Estado de S\u00e3o Paulo.<\/p><p>Em 2002 foi credenciada a Faculdade de Tecnologia Eniac \u2013 FAPI, mantida pela EDVAC Servi\u00e7os Educacionais Ltda., pela Portaria n\u00ba 3.541 de 13\/12\/2002, publicada no DOU de 16\/12\/2002. Em 2016, foi recredenciada pela Portaria n\u00ba 1.209 de 26\/10\/2016, publicada em 28\/10\/2016.<\/p><p>No ano de 2017 a FAPI foi credenciada como Centro Universit\u00e1rio Eniac, conforme Portaria n\u00ba 285 de 06\/03\/2017, publicada no DOU de 07\/03\/2017.<\/p><p>Em 2018, obteve o credenciamento provis\u00f3rio para a oferta de educa\u00e7\u00e3o a dist\u00e2ncia pela Portaria n\u00ba 370 de 20\/04\/2018, publicada no DOU de 24\/04\/2018. No mesmo ano foi credenciado para EaD, conforme Portaria n\u00ba 1.261 de 28\/11\/2018, publicada no DOU de 29\/11\/2018.<\/p><p>No ano de 2019 foi aprovada a altera\u00e7\u00e3o de denomina\u00e7\u00e3o da IES pela Resolu\u00e7\u00e3o n\u00ba 12.019 de 27\/06\/2019, publicada em 27\/06\/2019, passando o Centro Universit\u00e1rio Eniac a denominar-se ent\u00e3o CENTRO UNIVERSIT\u00c1RIO FAVENI \u2013 UNIFAVENI. No mesmo ano foi realizada a transfer\u00eancia de manten\u00e7a para UNIFAVENI CENTRO UNIVERSITARIO FAVENI LTDA.<\/p><p>O CENTRO UNIVERSIT\u00c1RIO FAVENI possui autoriza\u00e7\u00e3o para ministrar os seguintes cursos de gradua\u00e7\u00e3o, em atividade no Cadastro e-MEC: ADMINISTRA\u00c7\u00c3O (BACHARELADO, EAD); ARTES (LICENCIATURA, EAD); ARTES VISUAIS (LICENCIATURA, EAD); BANCO DE DADOS (TECNOL\u00d3GICO, PRESENCIAL); BIBLIOTECONOMIA (BACHARELADO, EAD); BIOLOGIA (LICENCIATURA, EAD); BIOMEDICINA (BACHARELADO, EAD); CI\u00caNCIAS CONT\u00c1BEIS (BACHARELADO, EAD); CONSTRU\u00c7\u00c3O DE EDIF\u00cdCIOS(TECNOL\u00d3GICO, PRESENCIAL); CONTROLE DE OBRAS (TECNOL\u00d3GICO, PRESENCIAL); DIREITO (BACHARELADO, PRESENCIAL); EDUCA\u00c7\u00c3O ESPECIAL (LICENCIATURA, EAD); EDUCA\u00c7\u00c3O F\u00cdSICA (LICENCIATURA, EAD); EDUCA\u00c7\u00c3O F\u00cdSICA (BACHARELADO, EAD); ELETR\u00d4NICA INDUSTRIAL (TECNOL\u00d3GICO, PRESENCIAL); ENGENHARIA DE COMPUTA\u00c7\u00c3O (BACHARELADO, EAD); ENGENHARIA MECATR\u00d4NICA (BACHARELADO, EAD); FARM\u00c1CIA (BACHARELADO, EAD); FILOSOFIA (LICENCIATURA, EAD); F\u00cdSICA (LICENCIATURA, EAD); FISIOTERAPIA (BACHARELADO, EAD); GEOGRAFIA (LICENCIATURA, EAD); GEST\u00c3O AMBIENTAL (TECNOL\u00d3GICO, EAD); GEST\u00c3O COMERCIAL (TECNOL\u00d3GICO, EAD); GEST\u00c3O DA QUALIDADE (TECNOL\u00d3GICO, EAD); GEST\u00c3O FINANCEIRA (TECNOL\u00d3GICO, EAD); GEST\u00c3O HOSPITALAR (TECNOL\u00d3GICO, EAD); GEST\u00c3O P\u00daBLICA (TECNOL\u00d3GICO, EAD); HIST\u00d3RIA (LICENCIATURA, EAD); HOTELARIA (TECNOL\u00d3GICO, EAD); LETRAS (LICENCIATURA, EAD); LETRAS \u2013 PORTUGU\u00caS E ESPANHOL (LICENCIATURA, EAD); LETRAS \u2013 PORTUGU\u00caS E INGL\u00caS (LICENCIATURA, EAD); MANUTEN\u00c7\u00c3O INDUSTRIAL (TECNOL\u00d3GICO, PRESENCIAL); MATEM\u00c1TICA (LICENCIATURA, EAD); MECATR\u00d4NICA INDUSTRIAL (TECNOL\u00d3GICO, EAD); NUTRI\u00c7\u00c3O (BACHARELADO, EAD); PEDAGOGIA (LICENCIATURA, EAD); QU\u00cdMICA (LICENCIATURA, EAD); REDES DE COMPUTADORES (TECNOL\u00d3GICO, PRESENCIAL); SEGURAN\u00c7A NO TRABALHO (TECNOL\u00d3GICO, EAD); SERVI\u00c7O SOCIAL (BACHARELADO, EAD); SISTEMAS DE INFORMA\u00c7\u00c3O (BACHARELADO, EAD); SISTEMAS PARA INTERNET (TECNOL\u00d3GICO, PRESENCIAL); SOCIOLOGIA (LICENCIATURA, EAD); TEOLOGIA (BACHARELADO, EAD); TERAPIA OCUPACIONAL (BACHARELADO, EAD).<\/p><p>No campo da p\u00f3s-gradua\u00e7\u00e3o, o CENTRO UNIVERSIT\u00c1RIO FAVENI oferece cursos de p\u00f3s-gradua\u00e7\u00e3o\u00a0lato sensu\u00a0nas \u00e1reas de conhecimento de sua atua\u00e7\u00e3o na gradua\u00e7\u00e3o.<\/p><p>S\u00e3o conceitos\/\u00edndices obtidos pelo CENTRO UNIVERSIT\u00c1RIO FAVENI nas avalia\u00e7\u00f5es externas:<br \/><br \/><\/p><\/div><\/div><div data-id=\"631af23\" data-element_type=\"widget\" data-widget_type=\"text-editor.default\"><div><table width=\"554\"><thead><tr><td width=\"264\">\u00cdNDICE<\/td><td width=\"132\">VALOR<\/td><td width=\"157\">ANO<\/td><\/tr><\/thead><tbody><tr><td width=\"264\">CI \u2013 Conceito Institucional<\/td><td width=\"132\">4<\/td><td width=\"157\">2015<\/td><\/tr><tr><td width=\"264\">CI-EaD \u2013 Conceito Institucional EaD<\/td><td width=\"132\">5<\/td><td width=\"157\">2018<\/td><\/tr><tr><td width=\"264\">IGC \u2013 \u00cdndice Geral de Cursos<\/td><td width=\"132\">3<\/td><td width=\"157\">2019<\/td><\/tr><tr><td width=\"264\">IGC Cont\u00ednuo<\/td><td width=\"132\">2.5670<\/td><td width=\"157\">2019<\/td><\/tr><\/tbody><\/table><\/div><\/div><div data-id=\"1ac2b77\" data-element_type=\"widget\" data-widget_type=\"text-editor.default\"><div><h5>MISS\u00c3O, VALORES E OBJETIVOS DA INSTITUI\u00c7\u00c3O<\/h5><p>O CENTRO UNIVERSIT\u00c1RIO FAVENI tem por miss\u00e3o \u201cconsolidar a forma\u00e7\u00e3o cidad\u00e3 do indiv\u00edduo para direcion\u00e1-lo ao sucesso social e profissional com \u00e9tica, solidez conceitual e olhar para o amparo ao pr\u00f3ximo\u201d.<\/p><p>A miss\u00e3o do CENTRO UNIVERSIT\u00c1RIO FAVENI descreve os principais fundamentos da institui\u00e7\u00e3o de ensino superior.<\/p><p>Primeiramente, a import\u00e2ncia \u00e0 atividade fundamental de institui\u00e7\u00f5es educacionais, o ensino, em que a institui\u00e7\u00e3o, atrav\u00e9s de uma forma\u00e7\u00e3o competente e de qualidade, garante o aprendizado de seus alunos de forma plena e integral desenvolvendo senso cr\u00edtico, embasamento te\u00f3rico e aplicabilidade de conhecimentos.<\/p><p>Em segundo lugar, a import\u00e2ncia da institui\u00e7\u00e3o perante a sociedade, tendo a responsabilidade de transformar a comunidade em que est\u00e1 inserida atrav\u00e9s do ensino, da pesquisa e da extens\u00e3o, fortalecendo os v\u00ednculos com o desenvolvimento e inclus\u00e3o socioecon\u00f4mico e tecnol\u00f3gico, aproximando a capacidade de fomento de conhecimento da acad\u00eamica \u00e0s necessidades da sociedade, seus cidad\u00e3os, do setor produtivo e outros afins.<\/p><p>Em terceiro lugar, a import\u00e2ncia de desenvolver nos alunos e parceiros para que tenham sucesso na vida, para isso se trabalha de forma a aproximar as necessidades de qualifica\u00e7\u00e3o e desenvolvimento tecnol\u00f3gico, exigidos pelo mercado de trabalho ao perfil educacional do UNIFAVENI, de seu corpo acad\u00eamico e pesquisadores. Sendo assim, \u00e9 feito uso da inova\u00e7\u00e3o, que consiste no desenvolvimento de novas solu\u00e7\u00f5es para novos ou antigos problemas de forma a gerar novos valores sociais e tecnol\u00f3gicos para o setor produtivo e sociedade.<\/p><p>Em quarto lugar, a import\u00e2ncia no desenvolvimento de alunos com perfil socialmente respons\u00e1vel, \u00e9tico, que preza pela sustentabilidade ambiental e econ\u00f4mica de sua sociedade e com capacidade de dialogar com a comunidade e seus cidad\u00e3os.<\/p><p>O CENTRO UNIVERSIT\u00c1RIO FAVENI tem como vis\u00e3o \u201cser um centro de excel\u00eancia em educa\u00e7\u00e3o, capacita\u00e7\u00e3o profissional, difus\u00e3o cultural e um catalisador no progresso e no desenvolvimento da sociedade\u201d.<\/p><p>Seus valores s\u00e3o assim expressos:<\/p><ul><li>Foco no aprendizado pr\u00e1tico, ancorado numa base conceitual consistente, tornando o aluno o principal agente de aquisi\u00e7\u00e3o de compet\u00eancias;<\/li><li>Inova\u00e7\u00e3o tecnol\u00f3gica a servi\u00e7o do ensino;<\/li><li>Disciplina, ordem e seguran\u00e7a como pr\u00e9-requisitos para o desenvolvimento;<\/li><li>Sinergia e comprometimento da equipe como agentes transformadores da forma\u00e7\u00e3o dos nossos alunos;<\/li><li>Valoriza\u00e7\u00e3o e estimula\u00e7\u00e3o do empreendedorismo;<\/li><li>Responsabilidade social e respeito ao meio ambiente;<\/li><li>Resultados concretos na melhoria cont\u00ednua dos processos.<\/li><\/ul><p>De acordo com o seu Estatuto, o CENTRO UNIVERSIT\u00c1RIO FAVENI, como institui\u00e7\u00e3o educacional, destina-se a promover o ensino, a inicia\u00e7\u00e3o cient\u00edfica e a extens\u00e3o em n\u00edvel superior, e tem por objetivos:<\/p><p>I \u2013 formar diplomados nas diferentes \u00e1reas de conhecimento, aptos para a inser\u00e7\u00e3o em setores profissionais e para a participa\u00e7\u00e3o no desenvolvimento da sociedade brasileira, e colaborar na sua forma\u00e7\u00e3o cont\u00ednua;<\/p><p>II \u2013 incentivar o trabalho de inicia\u00e7\u00e3o cient\u00edfica, visando o desenvolvimento da ci\u00eancia e da tecnologia e da cria\u00e7\u00e3o e difus\u00e3o da cultura, e, desse modo, desenvolver o entendimento do homem e do meio em que vive;<\/p><p>III \u2013 estimular a cria\u00e7\u00e3o cultural e o desenvolvimento do esp\u00edrito cient\u00edfico e do pensamento reflexivo;<\/p><p>IV \u2013 promover a divulga\u00e7\u00e3o de conhecimentos culturais, cient\u00edficos e t\u00e9cnicos que constituem patrim\u00f4nio da humanidade e comunicar o saber por meio do ensino, de publica\u00e7\u00f5es ou de outras formas de comunica\u00e7\u00e3o;<\/p><p>V \u2013 suscitar o desejo permanente de aperfei\u00e7oamento cultural e profissional e possibilitar a correspondente concretiza\u00e7\u00e3o, integrando os conhecimentos que v\u00e3o sendo adquiridos numa estrutura intelectual sistematizadora do conhecimento de cada gera\u00e7\u00e3o;<\/p><p>VI \u2013 estimular o conhecimento dos problemas do mundo presente, em particular os nacionais e regionais, prestar servi\u00e7os especializados \u00e0 comunidade e estabelecer com esta uma rela\u00e7\u00e3o de reciprocidade;<\/p><p>VII \u2013 promover a extens\u00e3o, aberta \u00e0 participa\u00e7\u00e3o da popula\u00e7\u00e3o, visando \u00e0 difus\u00e3o das conquistas e benef\u00edcios resultantes da cria\u00e7\u00e3o cultural e da inicia\u00e7\u00e3o cient\u00edfica e tecnol\u00f3gica geradas.<\/p><\/div><\/div>\t\t\t\t\t\t\t\t<\/div>\n\t\t\t\t\t<\/div>\n\t\t\t\t<\/div>\n\t\t<div class=\"elementor-element elementor-element-3fab16d e-flex e-con-boxed e-con e-parent\" data-id=\"3fab16d\" data-element_type=\"container\" data-e-type=\"container\" data-settings=\"{&quot;background_background&quot;:&quot;classic&quot;}\">\n\t\t\t\t\t<div class=\"e-con-inner\">\n\t\t<div class=\"elementor-element elementor-element-0a62e9a e-flex e-con-boxed e-con e-child\" data-id=\"0a62e9a\" data-element_type=\"container\" data-e-type=\"container\">\n\t\t\t\t\t<div class=\"e-con-inner\">\n\t\t\t\t<div class=\"elementor-element elementor-element-06b8e06 elementor-widget elementor-widget-heading\" data-id=\"06b8e06\" data-element_type=\"widget\" data-e-type=\"widget\" data-widget_type=\"heading.default\">\n\t\t\t\t\t<h4 class=\"elementor-heading-title elementor-size-default\">Miss\u00e3o<\/h4>\t\t\t\t<\/div>\n\t\t\t\t<div class=\"elementor-element elementor-element-88b1f30 elementor-widget elementor-widget-text-editor\" data-id=\"88b1f30\" data-element_type=\"widget\" data-e-type=\"widget\" data-widget_type=\"text-editor.default\">\n\t\t\t\t\t\t\t\t\tEducar e formar cidad\u00e3os para obter sucesso na vida, sendo competentes no mercado de trabalho, respons\u00e1veis socialmente e atuantes na preserva\u00e7\u00e3o do meio-ambiente, tendo como refer\u00eancia a \u00e9tica, o di\u00e1logo e o respeito com as gera\u00e7\u00f5es futuras.\t\t\t\t\t\t\t\t<\/div>\n\t\t\t\t\t<\/div>\n\t\t\t\t<\/div>\n\t\t<div class=\"elementor-element elementor-element-2470015 e-flex e-con-boxed e-con e-child\" data-id=\"2470015\" data-element_type=\"container\" data-e-type=\"container\">\n\t\t\t\t\t<div class=\"e-con-inner\">\n\t\t\t\t<div class=\"elementor-element elementor-element-c78280d elementor-widget elementor-widget-heading\" data-id=\"c78280d\" data-element_type=\"widget\" data-e-type=\"widget\" data-widget_type=\"heading.default\">\n\t\t\t\t\t<h4 class=\"elementor-heading-title elementor-size-default\">Vis\u00e3o<\/h4>\t\t\t\t<\/div>\n\t\t\t\t<div class=\"elementor-element elementor-element-69f6431 elementor-widget elementor-widget-text-editor\" data-id=\"69f6431\" data-element_type=\"widget\" data-e-type=\"widget\" data-widget_type=\"text-editor.default\">\n\t\t\t\t\t\t\t\t\tSer um centro de excel\u00eancia de educa\u00e7\u00e3o, capacita\u00e7\u00e3o profissional, difus\u00e3o cultural e um catalisador no progresso e no desenvolvimento da sociedade.\t\t\t\t\t\t\t\t<\/div>\n\t\t\t\t\t<\/div>\n\t\t\t\t<\/div>\n\t\t\t\t\t<\/div>\n\t\t\t\t<\/div>\n\t\t\t\t<\/div>\n\t\t","protected":false},"excerpt":{"rendered":"<p>Conhe\u00e7a o Centro Universit\u00e1rio UNIFAVENI Breve hist\u00f3rico Institucional O CENTRO UNIVERSIT\u00c1RIO FAVENI,\u00a0 com sede no munic\u00edpio de Guarulhos, Estado de S\u00e3o Paulo, \u00e9 um estabelecimento privado de ensino superior, mantido pelo UNIFAVENI CENTRO UNIVERSITARIO FAVENI LTDA., pessoa jur\u00eddica de direito privado com fins lucrativos, com sede e foro no munic\u00edpio de Guarulhos, Estado de S\u00e3o [&hellip;]<\/p>\n","protected":false},"author":2,"featured_media":0,"parent":0,"menu_order":0,"comment_status":"closed","ping_status":"closed","template":"","meta":{"_acf_changed":false,"footnotes":""},"class_list":["post-2469","page","type-page","status-publish","hentry"],"acf":[],"_links":{"self":[{"href":"https:\/\/homologa.centralfaveni.com.br\/virgem\/wp-json\/wp\/v2\/pages\/2469","targetHints":{"allow":["GET"]}}],"collection":[{"href":"https:\/\/homologa.centralfaveni.com.br\/virgem\/wp-json\/wp\/v2\/pages"}],"about":[{"href":"https:\/\/homologa.centralfaveni.com.br\/virgem\/wp-json\/wp\/v2\/types\/page"}],"author":[{"embeddable":true,"href":"https:\/\/homologa.centralfaveni.com.br\/virgem\/wp-json\/wp\/v2\/users\/2"}],"replies":[{"embeddable":true,"href":"https:\/\/homologa.centralfaveni.com.br\/virgem\/wp-json\/wp\/v2\/comments?post=2469"}],"version-history":[{"count":0,"href":"https:\/\/homologa.centralfaveni.com.br\/virgem\/wp-json\/wp\/v2\/pages\/2469\/revisions"}],"wp:attachment":[{"href":"https:\/\/homologa.centralfaveni.com.br\/virgem\/wp-json\/wp\/v2\/media?parent=2469"}],"curies":[{"name":"wp","href":"https:\/\/api.w.org\/{rel}","templated":true}]}}