{"id":2474,"date":"2025-04-29T14:14:20","date_gmt":"2025-04-29T17:14:20","guid":{"rendered":"https:\/\/homologa.digital\/centralfaveni\/virgem\/?page_id=2474"},"modified":"2025-04-29T14:15:01","modified_gmt":"2025-04-29T17:15:01","slug":"assessoria-de-imprensa","status":"publish","type":"page","link":"https:\/\/homologa.centralfaveni.com.br\/virgem\/assessoria-de-imprensa\/","title":{"rendered":"Assessoria de Imprensa"},"content":{"rendered":"\t\t<div data-elementor-type=\"wp-page\" data-elementor-id=\"2474\" class=\"elementor elementor-2474\" data-elementor-post-type=\"page\">\n\t\t\t\t<div class=\"elementor-element elementor-element-4645831 e-flex e-con-boxed e-con e-parent\" data-id=\"4645831\" data-element_type=\"container\" data-e-type=\"container\">\n\t\t\t\t\t<div class=\"e-con-inner\">\n\t\t\t\t<div class=\"elementor-element elementor-element-351adf4 elementor-widget elementor-widget-text-editor\" data-id=\"351adf4\" data-element_type=\"widget\" data-e-type=\"widget\" data-widget_type=\"text-editor.default\">\n\t\t\t\t\t\t\t\t\t<p>Se voc\u00ea \u00e9 jornalista e deseja solicitar dados ou esclarecer d\u00favidas, entre em contato com a Assessoria de Imprensa da FAVENI.<\/p><p><strong>Setor Comunica\u00e7\u00e3o e M\u00eddia<\/strong><\/p><p>0800 033 3883<\/p><p>Telefone: (33) 3329 \u2013 2500<\/p><p><strong>Solicita\u00e7\u00e3o de Pauta<\/strong><\/p><p>Envie sua solicita\u00e7\u00e3o de pauta ou pedido de entrevista para:<\/p><p>marketing2@posgraduacaofaveni.com.br<\/p>\t\t\t\t\t\t\t\t<\/div>\n\t\t\t\t\t<\/div>\n\t\t\t\t<\/div>\n\t\t\t\t<\/div>\n\t\t","protected":false},"excerpt":{"rendered":"<p>Se voc\u00ea \u00e9 jornalista e deseja solicitar dados ou esclarecer d\u00favidas, entre em contato com a Assessoria de Imprensa da FAVENI. Setor Comunica\u00e7\u00e3o e M\u00eddia 0800 033 3883 Telefone: (33) 3329 \u2013 2500 Solicita\u00e7\u00e3o de Pauta Envie sua solicita\u00e7\u00e3o de pauta ou pedido de entrevista para: marketing2@posgraduacaofaveni.com.br<\/p>\n","protected":false},"author":2,"featured_media":0,"parent":0,"menu_order":0,"comment_status":"closed","ping_status":"closed","template":"","meta":{"_acf_changed":false,"footnotes":""},"class_list":["post-2474","page","type-page","status-publish","hentry"],"acf":[],"_links":{"self":[{"href":"https:\/\/homologa.centralfaveni.com.br\/virgem\/wp-json\/wp\/v2\/pages\/2474","targetHints":{"allow":["GET"]}}],"collection":[{"href":"https:\/\/homologa.centralfaveni.com.br\/virgem\/wp-json\/wp\/v2\/pages"}],"about":[{"href":"https:\/\/homologa.centralfaveni.com.br\/virgem\/wp-json\/wp\/v2\/types\/page"}],"author":[{"embeddable":true,"href":"https:\/\/homologa.centralfaveni.com.br\/virgem\/wp-json\/wp\/v2\/users\/2"}],"replies":[{"embeddable":true,"href":"https:\/\/homologa.centralfaveni.com.br\/virgem\/wp-json\/wp\/v2\/comments?post=2474"}],"version-history":[{"count":0,"href":"https:\/\/homologa.centralfaveni.com.br\/virgem\/wp-json\/wp\/v2\/pages\/2474\/revisions"}],"wp:attachment":[{"href":"https:\/\/homologa.centralfaveni.com.br\/virgem\/wp-json\/wp\/v2\/media?parent=2474"}],"curies":[{"name":"wp","href":"https:\/\/api.w.org\/{rel}","templated":true}]}}