{"id":2481,"date":"2025-04-29T14:18:37","date_gmt":"2025-04-29T17:18:37","guid":{"rendered":"https:\/\/homologa.digital\/centralfaveni\/virgem\/?page_id=2481"},"modified":"2025-04-29T14:19:19","modified_gmt":"2025-04-29T17:19:19","slug":"responsabilidade-social","status":"publish","type":"page","link":"https:\/\/homologa.centralfaveni.com.br\/virgem\/responsabilidade-social\/","title":{"rendered":"Responsabilidade Social"},"content":{"rendered":"\t\t<div data-elementor-type=\"wp-page\" data-elementor-id=\"2481\" class=\"elementor elementor-2481\" data-elementor-post-type=\"page\">\n\t\t\t\t<div class=\"elementor-element elementor-element-7e83ae7 e-flex e-con-boxed e-con e-parent\" data-id=\"7e83ae7\" data-element_type=\"container\" data-e-type=\"container\">\n\t\t\t\t\t<div class=\"e-con-inner\">\n\t\t\t\t<div class=\"elementor-element elementor-element-3890c33 elementor-widget elementor-widget-text-editor\" data-id=\"3890c33\" data-element_type=\"widget\" data-e-type=\"widget\" data-widget_type=\"text-editor.default\">\n\t\t\t\t\t\t\t\t\t<p>A FAVENI \u2013 Faculdade Venda Nova do Imigrante, busca atender a comunidade local e circunvizinha com um relacionamento \u00e9tico e transparente. Na condi\u00e7\u00e3o de parceira, todos seus colaboradores entendem que a aproxima\u00e7\u00e3o com todas as comunidades estreitam as rela\u00e7\u00f5es contribuindo para o desenvolvimento regional. Ao conhecer a realidade que nos cerca, podemos respeitar a diversidade e contribuir para a qualidade de vida de todos.<\/p><p>O objetivo \u00e9 promover a intera\u00e7\u00e3o faculdade-comunidade com esclarecimento e conscientiza\u00e7\u00e3o da popula\u00e7\u00e3o nos \u00e2mbitos pessoais, sociais e profissionais, estabelecendo com esta uma rela\u00e7\u00e3o de reciprocidade. Temos o compromisso de estabelecer princ\u00edpios \u00e9ticos, morais e de responsabilidade social em nossas atividades de ensino, pesquisa e extens\u00e3o que s\u00e3o influenciadas diretamente pelo conjunto de transforma\u00e7\u00f5es e mudan\u00e7as sociais, econ\u00f4micas e tecnol\u00f3gicas pelas quais passam a sociedade e as Institui\u00e7\u00f5es de Ensino Superior.<\/p><p>Por isso, a FAVENI ocupa um papel fundamental na regi\u00e3o, com a finalidade de estabelecer as novas rela\u00e7\u00f5es entre pol\u00edticas educativas e de desenvolvimento social, tornando como objetivo tra\u00e7ar projetos que despertem nos alunos a forma\u00e7\u00e3o de uma consci\u00eancia critica. Sendo assim, podemos afirmar que a responsabilidade social da FAVENI consiste em uma a\u00e7\u00e3o consciente do seu papel como agente de transforma\u00e7\u00e3o social.<br \/>A FAVENI desde o ano de 2008 vem realizando atividades de interesse das comunidades conforme registros.<\/p>\t\t\t\t\t\t\t\t<\/div>\n\t\t\t\t\t<\/div>\n\t\t\t\t<\/div>\n\t\t\t\t<\/div>\n\t\t","protected":false},"excerpt":{"rendered":"<p>A FAVENI \u2013 Faculdade Venda Nova do Imigrante, busca atender a comunidade local e circunvizinha com um relacionamento \u00e9tico e transparente. Na condi\u00e7\u00e3o de parceira, todos seus colaboradores entendem que a aproxima\u00e7\u00e3o com todas as comunidades estreitam as rela\u00e7\u00f5es contribuindo para o desenvolvimento regional. Ao conhecer a realidade que nos cerca, podemos respeitar a diversidade [&hellip;]<\/p>\n","protected":false},"author":2,"featured_media":0,"parent":0,"menu_order":0,"comment_status":"closed","ping_status":"closed","template":"","meta":{"_acf_changed":false,"footnotes":""},"class_list":["post-2481","page","type-page","status-publish","hentry"],"acf":[],"_links":{"self":[{"href":"https:\/\/homologa.centralfaveni.com.br\/virgem\/wp-json\/wp\/v2\/pages\/2481","targetHints":{"allow":["GET"]}}],"collection":[{"href":"https:\/\/homologa.centralfaveni.com.br\/virgem\/wp-json\/wp\/v2\/pages"}],"about":[{"href":"https:\/\/homologa.centralfaveni.com.br\/virgem\/wp-json\/wp\/v2\/types\/page"}],"author":[{"embeddable":true,"href":"https:\/\/homologa.centralfaveni.com.br\/virgem\/wp-json\/wp\/v2\/users\/2"}],"replies":[{"embeddable":true,"href":"https:\/\/homologa.centralfaveni.com.br\/virgem\/wp-json\/wp\/v2\/comments?post=2481"}],"version-history":[{"count":0,"href":"https:\/\/homologa.centralfaveni.com.br\/virgem\/wp-json\/wp\/v2\/pages\/2481\/revisions"}],"wp:attachment":[{"href":"https:\/\/homologa.centralfaveni.com.br\/virgem\/wp-json\/wp\/v2\/media?parent=2481"}],"curies":[{"name":"wp","href":"https:\/\/api.w.org\/{rel}","templated":true}]}}