{"id":2486,"date":"2025-04-29T14:21:24","date_gmt":"2025-04-29T17:21:24","guid":{"rendered":"https:\/\/homologa.digital\/centralfaveni\/virgem\/?page_id=2486"},"modified":"2025-04-29T14:21:59","modified_gmt":"2025-04-29T17:21:59","slug":"resolucoes-e-portarias","status":"publish","type":"page","link":"https:\/\/homologa.centralfaveni.com.br\/virgem\/resolucoes-e-portarias\/","title":{"rendered":"Resolu\u00e7\u00f5es e Portarias"},"content":{"rendered":"\t\t<div data-elementor-type=\"wp-page\" data-elementor-id=\"2486\" class=\"elementor elementor-2486\" data-elementor-post-type=\"page\">\n\t\t\t\t<div class=\"elementor-element elementor-element-ed40580 e-flex e-con-boxed e-con e-parent\" data-id=\"ed40580\" data-element_type=\"container\" data-e-type=\"container\">\n\t\t\t\t\t<div class=\"e-con-inner\">\n\t\t\t\t<div class=\"elementor-element elementor-element-613229b elementor-widget elementor-widget-text-editor\" data-id=\"613229b\" data-element_type=\"widget\" data-e-type=\"widget\" data-widget_type=\"text-editor.default\">\n\t\t\t\t\t\t\t\t\t<ul><li><a href=\"https:\/\/unifaveni.com.br\/wp-content\/uploads\/sites\/22\/2023\/07\/Port.-02-2019-Nomea-Reitor-Leandro.pdf\" target=\"_blank\" rel=\"noopener\">Port. 02-2019 \u2013 Nomea Reitor \u2013 Leandro<\/a><\/li><li><a href=\"https:\/\/unifaveni.com.br\/wp-content\/uploads\/sites\/22\/2023\/07\/Port.-03-Nomea-Diretora-de-EAD-Ana-Paula-.pdf\" target=\"_blank\" rel=\"noopener\">Port. 03 \u2013 Nomea Diretora de EAD \u2013 Ana Paula<\/a><\/li><li><a href=\"https:\/\/unifaveni.com.br\/wp-content\/uploads\/sites\/22\/2023\/07\/PORTARIA-04-2019-Pro-Reitor-de-Pesq.-Extensao-Enio.pdf\" target=\"_blank\" rel=\"noopener\">PORTARIA 04 \u2013 2019 \u2013 Pro Reitor de Pesq. Extens\u00e3o \u2013 Enio<\/a><\/li><li><a href=\"https:\/\/unifaveni.com.br\/wp-content\/uploads\/sites\/22\/2023\/07\/PORTARIA-05-2019-Pro-Reitra-Operacional-Sheila.pdf\" target=\"_blank\" rel=\"noopener\">PORTARIA 05 \u2013 2019 \u2013 Pr\u00f3 Reitra Operacional \u2013 Sheila<\/a><\/li><li><a href=\"https:\/\/unifaveni.com.br\/wp-content\/uploads\/sites\/22\/2023\/07\/Res.-01-2021-Aprova-Edital-de-Processo-seletivo-1o-semestre-2021.pdf\" target=\"_blank\" rel=\"noopener\">Res. \u2013 01 \u2013 2021 \u2013 Aprova Edital de Processo seletivo 1o semestre 2021<\/a><\/li><li><a href=\"https:\/\/unifaveni.com.br\/wp-content\/uploads\/sites\/22\/2023\/07\/Res.-01-2022-Aprova-Edital-de-Processo-seletivo-1o-semestre-2022.pdf\" target=\"_blank\" rel=\"noopener\">Res. \u2013 01 \u2013 2022 \u2013 Aprova Edital de Processo seletivo 1o semestre 2022<\/a><\/li><li><a href=\"https:\/\/unifaveni.com.br\/wp-content\/uploads\/sites\/22\/2023\/07\/Res.-035-2022-Aprova-Edital-de-Processo-seletivo-2o-semestre-2022.pdf\" target=\"_blank\" rel=\"noopener\">Res. \u2013 035 \u2013 2022 \u2013 Aprova Edital de Processo seletivo 2o semestre 2022<\/a><\/li><li><a href=\"https:\/\/unifaveni.com.br\/wp-content\/uploads\/sites\/22\/2023\/07\/Res.-18-2021-Aprova-Edital-de-Processo-seletivo-2o.-semestre-2022.pdf\" target=\"_blank\" rel=\"noopener\">Res. 18-2021 \u2013 Aprova Edital de Processo seletivo 2o. semestre 2022<\/a><\/li><li><a href=\"https:\/\/unifaveni.com.br\/wp-content\/uploads\/sites\/22\/2023\/07\/Res.-021-2019-APROVA-REGULAMENTO-DO-COLEGIADO-DE-CURSO.pdf\" target=\"_blank\" rel=\"noopener\">Res. 021-2019 \u2013 APROVA REGULAMENTO DO COLEGIADO DE CURSO<\/a><\/li><li><a href=\"https:\/\/unifaveni.com.br\/wp-content\/uploads\/sites\/22\/2023\/07\/Res.-23-2019-Aprova-Regulamentos-em-geral.pdf\" target=\"_blank\" rel=\"noopener\">Res. 23-2019 \u2013 Aprova Regulamentos em geral<\/a><\/li><li><a href=\"https:\/\/unifaveni.com.br\/wp-content\/uploads\/sites\/22\/2023\/07\/Resol.-034-2019-Aprova-Atualizacao-no-PPC-E-Especial.pdf\" target=\"_blank\" rel=\"noopener\">Resol. 034 2019 \u2014 Aprova Atualiza\u00e7\u00e3o no PPC E Especial<\/a><\/li><li><a href=\"https:\/\/unifaveni.com.br\/wp-content\/uploads\/sites\/22\/2023\/07\/Resolucao-32-2019-Aprova-Regimento-geral-da-UNIFAVENI-.pdf\" target=\"_blank\" rel=\"noopener\">Resolu\u00e7\u00e3o 32-2019- Aprova Regimento geral da UNIFAVENI<\/a><\/li><li><a href=\"https:\/\/unifaveni.com.br\/wp-content\/uploads\/sites\/22\/2023\/07\/Resolucao-33-2019-Aprova-PDI-da-UNIFAVENI-.pdf\" target=\"_blank\" rel=\"noopener\">Resolu\u00e7\u00e3o 33- 2019- Aprova PDI da UNIFAVENI<\/a><\/li><li><a href=\"https:\/\/unifaveni.com.br\/wp-content\/uploads\/sites\/22\/2023\/07\/Resolucao-Mudanca-de-Endereco-Unifaveni.pdf\" target=\"_blank\" rel=\"noopener\">Resolu\u00e7\u00e3o Mudan\u00e7a de Endere\u00e7o \u2013 Unifaveni<\/a><\/li><li><a href=\"https:\/\/unifaveni.com.br\/wp-content\/uploads\/sites\/12\/2024\/06\/Portaria-REITORIA_UNIFAVENI_Institui-a-Comissao-de-Sindicancia-Administrativa-Final.pdf\">Port. 06\/2024 &#8211; Reitoria Unifaveni<\/a><\/li><li><a href=\"https:\/\/unifaveni.com.br\/wp-content\/uploads\/sites\/12\/2025\/04\/Minuta-Portaria-REITORIA_UNIFAVENI_IProrrogacao-dos-trabalhos-da-Comissao-de-Sindicancia-3.pdf\">Port. 08\/2024 &#8211; Reitoria Unifaveni<\/a><\/li><\/ul>\t\t\t\t\t\t\t\t<\/div>\n\t\t\t\t\t<\/div>\n\t\t\t\t<\/div>\n\t\t\t\t<\/div>\n\t\t","protected":false},"excerpt":{"rendered":"<p>Port. 02-2019 \u2013 Nomea Reitor \u2013 Leandro Port. 03 \u2013 Nomea Diretora de EAD \u2013 Ana Paula PORTARIA 04 \u2013 2019 \u2013 Pro Reitor de Pesq. Extens\u00e3o \u2013 Enio PORTARIA 05 \u2013 2019 \u2013 Pr\u00f3 Reitra Operacional \u2013 Sheila Res. \u2013 01 \u2013 2021 \u2013 Aprova Edital de Processo seletivo 1o semestre 2021 Res. \u2013 [&hellip;]<\/p>\n","protected":false},"author":2,"featured_media":0,"parent":0,"menu_order":0,"comment_status":"closed","ping_status":"closed","template":"","meta":{"_acf_changed":false,"footnotes":""},"class_list":["post-2486","page","type-page","status-publish","hentry"],"acf":[],"_links":{"self":[{"href":"https:\/\/homologa.centralfaveni.com.br\/virgem\/wp-json\/wp\/v2\/pages\/2486","targetHints":{"allow":["GET"]}}],"collection":[{"href":"https:\/\/homologa.centralfaveni.com.br\/virgem\/wp-json\/wp\/v2\/pages"}],"about":[{"href":"https:\/\/homologa.centralfaveni.com.br\/virgem\/wp-json\/wp\/v2\/types\/page"}],"author":[{"embeddable":true,"href":"https:\/\/homologa.centralfaveni.com.br\/virgem\/wp-json\/wp\/v2\/users\/2"}],"replies":[{"embeddable":true,"href":"https:\/\/homologa.centralfaveni.com.br\/virgem\/wp-json\/wp\/v2\/comments?post=2486"}],"version-history":[{"count":0,"href":"https:\/\/homologa.centralfaveni.com.br\/virgem\/wp-json\/wp\/v2\/pages\/2486\/revisions"}],"wp:attachment":[{"href":"https:\/\/homologa.centralfaveni.com.br\/virgem\/wp-json\/wp\/v2\/media?parent=2486"}],"curies":[{"name":"wp","href":"https:\/\/api.w.org\/{rel}","templated":true}]}}