{"id":2501,"date":"2025-04-29T14:25:46","date_gmt":"2025-04-29T17:25:46","guid":{"rendered":"https:\/\/homologa.digital\/centralfaveni\/virgem\/?page_id=2501"},"modified":"2025-05-02T15:05:07","modified_gmt":"2025-05-02T18:05:07","slug":"nacin","status":"publish","type":"page","link":"https:\/\/homologa.centralfaveni.com.br\/virgem\/nacin\/","title":{"rendered":"NACIN"},"content":{"rendered":"\t\t<div data-elementor-type=\"wp-page\" data-elementor-id=\"2501\" class=\"elementor elementor-2501\" data-elementor-post-type=\"page\">\n\t\t\t\t<div class=\"elementor-element elementor-element-9422617 e-flex e-con-boxed e-con e-parent\" data-id=\"9422617\" data-element_type=\"container\" data-e-type=\"container\">\n\t\t\t\t\t<div class=\"e-con-inner\">\n\t\t\t\t<div class=\"elementor-element elementor-element-44d2ca6 elementor-widget elementor-widget-image\" data-id=\"44d2ca6\" data-element_type=\"widget\" data-e-type=\"widget\" data-widget_type=\"image.default\">\n\t\t\t\t\t\t\t\t\t\t\t\t\t\t\t<img decoding=\"async\" width=\"356\" height=\"88\" src=\"https:\/\/homologa.centralfaveni.com.br\/virgem\/wp-content\/uploads\/sites\/4\/2025\/04\/nacin.webp\" class=\"attachment-full size-full wp-image-2503\" alt=\"\" srcset=\"https:\/\/homologa.centralfaveni.com.br\/virgem\/wp-content\/uploads\/sites\/4\/2025\/04\/nacin.webp 356w, https:\/\/homologa.centralfaveni.com.br\/virgem\/wp-content\/uploads\/sites\/4\/2025\/04\/nacin-300x74.webp 300w\" sizes=\"(max-width: 356px) 100vw, 356px\" \/>\t\t\t\t\t\t\t\t\t\t\t\t\t\t\t<\/div>\n\t\t\t\t<div class=\"elementor-element elementor-element-ad5504f elementor-widget elementor-widget-text-editor\" data-id=\"ad5504f\" data-element_type=\"widget\" data-e-type=\"widget\" data-widget_type=\"text-editor.default\">\n\t\t\t\t\t\t\t\t\t<h3>Hist\u00f3rico NACIN<\/h3><p>O CENTRO UNIVERSIT\u00c1RIO FAVENI -UNIFAVENI, uma institui\u00e7\u00e3o de ensino preocupada com o bem-estar de seus alunos, futuros alunos e com comunidade em geral, criou o N\u00facleo de Acessibilidade e Inclus\u00e3o \u2013 NACIN. A UNIFAVENI acredita que todos devem ter equidade de oportunidades na obten\u00e7\u00e3o do conhecimento, relacionamento e direito \u00e0 cidadania, com acesso a quaisquer cursos t\u00e9cnicos, de gradua\u00e7\u00e3o ou p\u00f3s-gradua\u00e7\u00e3o que esta Institui\u00e7\u00e3o de Ensino Superior possa oferecer.<\/p><p>O objetivo geral do NACIN \u00e9 programar uma pol\u00edtica de acessibilidade e inclus\u00e3o na UNIFAVENI, promovendo a\u00e7\u00f5es para garantia do acesso \u00e0 pessoa com defici\u00eancia motora, visual, auditiva, intelectual e TEA (Transtorno do Espectro Autista) no conv\u00edvio acad\u00eamico\/institucional. O NACIN possui uma Comiss\u00e3o de Acessibilidade.<\/p><p>O NACIN possui regulamento pr\u00f3prio.\u00a0<\/p><h3>Links sobre Acessibilidade<\/h3><ul><li><a href=\"http:\/\/portal.mec.gov.br\/secretaria-de-educacao-continuada-alfabetizacao-diversidade-e-inclusao\/apresentacao\">Secretaria de Educa\u00e7\u00e3o Continuada, Alfabetiza\u00e7\u00e3o, Diversidade e Inclus\u00e3o<\/a><\/li><li><a href=\"https:\/\/www.ines.gov.br\/acessibidade-menu\">Instituto Nacional de Educa\u00e7\u00e3o de Surdos<\/a><\/li><li><a href=\"https:\/\/www.gov.br\/ibc\/pt-br\">Instituto Benjamim Constant<\/a><\/li><li><a href=\"http:\/\/www.ibdd.org.br\/\">Instituto Brasileiro dos Direitos da Pessoa com Defici\u00eancia<\/a><\/li><li><a href=\"http:\/\/intervox.nce.ufrj.br\/\">Projetos de Acessibilidade do Instituto T\u00e9rcio Pacitti \u2013 NCE\/UFRJ<\/a><\/li><\/ul><h3>Contato NACIN<\/h3><ul><li>Contamos com a participa\u00e7\u00e3o de todos com sugest\u00f5es, dicas e reclama\u00e7\u00f5es atrav\u00e9s do\u00a0E-mail:\u00a0<a href=\"mailto:nacin@unifaveni.com%20br\">nacin@unifaveni.com br<\/a><\/li><li><a href=\"https:\/\/unifaveni.com.br\/wp-content\/uploads\/sites\/22\/2023\/07\/REGULAMENTO-DO-NAP.pdf\">Regulamento<\/a><\/li><li><a href=\"https:\/\/unifaveni.com.br\/wp-content\/uploads\/sites\/22\/2023\/07\/Portaria-de-Nomeacao-Nacin-2023.pdf\">Portaria de Nomea\u00e7\u00e3o<\/a><\/li><li><a href=\"https:\/\/unifaveni.com.br\/wp-content\/uploads\/sites\/22\/2023\/07\/FORMULARIO-NAP.pdf\">Formul\u00e1rio NAP<\/a><\/li><\/ul>\t\t\t\t\t\t\t\t<\/div>\n\t\t\t\t\t<\/div>\n\t\t\t\t<\/div>\n\t\t\t\t<\/div>\n\t\t","protected":false},"excerpt":{"rendered":"<p>Hist\u00f3rico NACIN O CENTRO UNIVERSIT\u00c1RIO FAVENI -UNIFAVENI, uma institui\u00e7\u00e3o de ensino preocupada com o bem-estar de seus alunos, futuros alunos e com comunidade em geral, criou o N\u00facleo de Acessibilidade e Inclus\u00e3o \u2013 NACIN. A UNIFAVENI acredita que todos devem ter equidade de oportunidades na obten\u00e7\u00e3o do conhecimento, relacionamento e direito \u00e0 cidadania, com acesso [&hellip;]<\/p>\n","protected":false},"author":2,"featured_media":0,"parent":0,"menu_order":0,"comment_status":"closed","ping_status":"closed","template":"page-box.php","meta":{"_acf_changed":false,"footnotes":""},"class_list":["post-2501","page","type-page","status-publish","hentry"],"acf":[],"_links":{"self":[{"href":"https:\/\/homologa.centralfaveni.com.br\/virgem\/wp-json\/wp\/v2\/pages\/2501","targetHints":{"allow":["GET"]}}],"collection":[{"href":"https:\/\/homologa.centralfaveni.com.br\/virgem\/wp-json\/wp\/v2\/pages"}],"about":[{"href":"https:\/\/homologa.centralfaveni.com.br\/virgem\/wp-json\/wp\/v2\/types\/page"}],"author":[{"embeddable":true,"href":"https:\/\/homologa.centralfaveni.com.br\/virgem\/wp-json\/wp\/v2\/users\/2"}],"replies":[{"embeddable":true,"href":"https:\/\/homologa.centralfaveni.com.br\/virgem\/wp-json\/wp\/v2\/comments?post=2501"}],"version-history":[{"count":0,"href":"https:\/\/homologa.centralfaveni.com.br\/virgem\/wp-json\/wp\/v2\/pages\/2501\/revisions"}],"wp:attachment":[{"href":"https:\/\/homologa.centralfaveni.com.br\/virgem\/wp-json\/wp\/v2\/media?parent=2501"}],"curies":[{"name":"wp","href":"https:\/\/api.w.org\/{rel}","templated":true}]}}