{"id":2512,"date":"2025-04-29T14:30:26","date_gmt":"2025-04-29T17:30:26","guid":{"rendered":"https:\/\/homologa.digital\/centralfaveni\/virgem\/?page_id=2512"},"modified":"2025-04-29T14:31:22","modified_gmt":"2025-04-29T17:31:22","slug":"cpa-comissao-propria-de-avaliacao","status":"publish","type":"page","link":"https:\/\/homologa.centralfaveni.com.br\/virgem\/cpa-comissao-propria-de-avaliacao\/","title":{"rendered":"CPA \u2013 Comiss\u00e3o Pr\u00f3pria de Avalia\u00e7\u00e3o"},"content":{"rendered":"\t\t<div data-elementor-type=\"wp-page\" data-elementor-id=\"2512\" class=\"elementor elementor-2512\" data-elementor-post-type=\"page\">\n\t\t\t\t<div class=\"elementor-element elementor-element-be182f7 e-flex e-con-boxed e-con e-parent\" data-id=\"be182f7\" data-element_type=\"container\" data-e-type=\"container\">\n\t\t\t\t\t<div class=\"e-con-inner\">\n\t\t\t\t<div class=\"elementor-element elementor-element-1733fa6 elementor-widget elementor-widget-heading\" data-id=\"1733fa6\" data-element_type=\"widget\" data-e-type=\"widget\" data-widget_type=\"heading.default\">\n\t\t\t\t\t<h2 class=\"elementor-heading-title elementor-size-default\">Comiss\u00e3o Pr\u00f3pria de Avalia\u00e7\u00e3o<\/h2>\t\t\t\t<\/div>\n\t\t\t\t<div class=\"elementor-element elementor-element-dc6c98e elementor-widget elementor-widget-text-editor\" data-id=\"dc6c98e\" data-element_type=\"widget\" data-e-type=\"widget\" data-widget_type=\"text-editor.default\">\n\t\t\t\t\t\t\t\t\t<p><strong>Apresenta\u00e7\u00e3o<\/strong><\/p><p>A avalia\u00e7\u00e3o \u00e9 uma ferramenta de gest\u00e3o que auxilia a administra\u00e7\u00e3o a conhecer as potencialidades e as car\u00eancias da institui\u00e7\u00e3o, subsidiando tomada de decis\u00f5es, com vistas \u00e0 melhoria e a manuten\u00e7\u00e3o da qualidade da gest\u00e3o, do ensino, pesquisa e extens\u00e3o.<\/p><p>A Avalia\u00e7\u00e3o Institucional foi estabelecida pelo Sistema Nacional de Avalia\u00e7\u00e3o da Educa\u00e7\u00e3o Superior (Sinaes). Institu\u00eddo pela Lei n\u00ba 10.861\/2004, o Sinaes organiza-se como sistema de avalia\u00e7\u00e3o global, integrando tr\u00eas modalidades:<\/p><p>Avalia\u00e7\u00e3o das Institui\u00e7\u00f5es de Educa\u00e7\u00e3o Superior (Avalies) que estabelece como procedimentos a autoavalia\u00e7\u00e3o e a avalia\u00e7\u00e3o externa in loco; Avalia\u00e7\u00e3o do Desempenho dos Estudantes, realizada mediante aplica\u00e7\u00e3o do Exame Nacional de Avalia\u00e7\u00e3o do Desempenho dos Estudantes (Enade); Avalia\u00e7\u00e3o dos Cursos de Gradua\u00e7\u00e3o (ACG), com a obrigatoriedade de visitas por comiss\u00f5es de especialistas das respectivas \u00e1reas de conhecimento.<\/p><p><strong>CPA<\/strong><\/p><p>Estabelecida pelo Sinaes, a Comiss\u00e3o Pr\u00f3pria de Avalia\u00e7\u00e3o (CPA) \u00e9 o \u00f3rg\u00e3o colegiado formado por membros de todos os segmentos da comunidade acad\u00eamica e de representantes da sociedade civil organizada, que tem por atribui\u00e7\u00f5es a condu\u00e7\u00e3o dos processos de avalia\u00e7\u00e3o internos da institui\u00e7\u00e3o, a sistematiza\u00e7\u00e3o e a presta\u00e7\u00e3o de informa\u00e7\u00f5es solicitadas pelo Instituto Nacional de Estudos e Pesquisas Educacionais An\u00edsio Teixeira (Inep), consideradas as diretrizes, crit\u00e9rios e estrat\u00e9gias emanadas da Comiss\u00e3o Nacional de Avalia\u00e7\u00e3o da Educa\u00e7\u00e3o Superior (Conaes). A Lei estabelece, ainda, como diretriz, que a CPA ter\u00e1 atua\u00e7\u00e3o aut\u00f4noma em rela\u00e7\u00e3o a conselhos e demais \u00f3rg\u00e3os colegiados existentes na institui\u00e7\u00e3o.<\/p><p>A Avalia\u00e7\u00e3o Institucional proposta pela CPA\/UNIFAVENI, adota uma metodologia participativa, buscando trazer para o \u00e2mbito das discuss\u00f5es, as opini\u00f5es de toda a comunidade acad\u00eamica, favorecendo a converg\u00eancia dos canais de comunica\u00e7\u00e3o em torno dos objetivos comuns, bem como a busca compartilhada de solu\u00e7\u00f5es para os problemas apresentados.<\/p><p>O Processo de Avalia\u00e7\u00e3o Institucional compreende v\u00e1rias etapas: planejamento, sensibiliza\u00e7\u00e3o da comunidade acad\u00eamica, aplica\u00e7\u00e3o dos question\u00e1rios, avalia\u00e7\u00e3o dos relat\u00f3rios, entrevistas com grupos focais, observa\u00e7\u00e3o dos setores, consolida\u00e7\u00e3o do processo, elabora\u00e7\u00e3o dos relat\u00f3rios, apresenta\u00e7\u00e3o dos resultados a comunidade acad\u00eamica.\u00a0\u00a0 S\u00e3o avaliadas todas as dimens\u00f5es de acordo com os eixos.<\/p><p><b>Autoavalia\u00e7\u00e3o<\/b><\/p><p>Na perspectiva de atender \u00e0s necessidades de regula\u00e7\u00e3o do Estado e institucionalizar uma pr\u00e1tica sistem\u00e1tica de avalia\u00e7\u00e3o, a CPA realiza, periodicamente, a Autoavalia\u00e7\u00e3o Institucional (global e dos aspectos did\u00e1tico-pedag\u00f3gicos), de acordo com o Sinaes, articulando regula\u00e7\u00e3o e avalia\u00e7\u00e3o educativa, de forma a possibilitar a participa\u00e7\u00e3o dos segmentos da comunidade interna \u2013 alunos, docentes e t\u00e9cnicos-administrativos \u2013 e da comunidade externa \u2013 pesquisa junto aos egressos.<\/p><p>Por compreender que a melhor forma de se autoavaliar \u00e9 atrav\u00e9s de uma avalia\u00e7\u00e3o participativa e global, a Comiss\u00e3o Pr\u00f3pria de Avalia\u00e7\u00e3o (CPA) envolve na sua an\u00e1lise todos os n\u00edveis e modalidades de ensino da UNIFAVENI (presencial e EAD) Assim, a autoavalia\u00e7\u00e3o na UNIFAVENI contempla todos os cursos de gradua\u00e7\u00e3o e p\u00f3s-gradua\u00e7\u00e3o.<\/p><p>A autoavalia\u00e7\u00e3o \u00e9 realizada por meio de aplica\u00e7\u00e3o de question\u00e1rios eletr\u00f4nicos. Conhe\u00e7a os instrumentos.<\/p><p><b>Avalia\u00e7\u00e3o Externa<\/b><\/p><p>Esta etapa complementa a Autoavalia\u00e7\u00e3o, visando definir o Perfil Institucional. Enquanto a Autoavalia\u00e7\u00e3o ou Avalia\u00e7\u00e3o Interna \u00e9 conduzida pela Comiss\u00e3o Pr\u00f3pria de Avalia\u00e7\u00e3o (CPA), a Avalia\u00e7\u00e3o Externa est\u00e1 sob a responsabilidade de uma Comiss\u00e3o de Avaliadores designada pelo MEC.<\/p><p>A visita in loco tem o objetivo de avaliar a institui\u00e7\u00e3o de acordo com as dez dimens\u00f5es definidas no SINAES, utilizando o Instrumento de Avalia\u00e7\u00e3o Externa que estabelece pesos espec\u00edficos para cada uma das dimens\u00f5es, sendo avaliadas as a\u00e7\u00f5es institucionais em articula\u00e7\u00e3o com o PDI.<\/p><p><a href=\"https:\/\/unifaveni.com.br\/wp-content\/uploads\/sites\/12\/2025\/04\/Portaria-nomeacao-2025.pdf\"><strong>Portaria de nomea\u00e7\u00e3o CPA<\/strong><\/a><\/p><p><a href=\"https:\/\/unifaveni.com.br\/wp-content\/uploads\/sites\/12\/2025\/04\/CRONOGRAMA-CPA-2025.pdf\"><strong>Cronograma de trabalho CPA<\/strong><\/a><\/p><p><a href=\"https:\/\/unifaveni.com.br\/wp-content\/uploads\/sites\/12\/2024\/08\/PROJETO-DE-AUTOAVALIACAO.pdf\"><strong>Projeto de autoavalia\u00e7\u00e3o CPA<\/strong><\/a><\/p><p><a href=\"https:\/\/unifaveni.com.br\/wp-content\/uploads\/sites\/12\/2025\/04\/RELATORIO-CPA-2024.pdf\"><strong>Relat\u00f3rio anual CPA<\/strong><\/a><\/p><p><b>Campanhas de sensibiliza\u00e7\u00e3o CPA<br \/><\/b><a style=\"font-style: inherit; font-weight: inherit; text-align: var(--text-align);\" href=\"mailto:cpa@faveni.edu.br\">cpa@faveni.edu.br<\/a><\/p>\t\t\t\t\t\t\t\t<\/div>\n\t\t\t\t\t<\/div>\n\t\t\t\t<\/div>\n\t\t\t\t<\/div>\n\t\t","protected":false},"excerpt":{"rendered":"<p>Comiss\u00e3o Pr\u00f3pria de Avalia\u00e7\u00e3o Apresenta\u00e7\u00e3o A avalia\u00e7\u00e3o \u00e9 uma ferramenta de gest\u00e3o que auxilia a administra\u00e7\u00e3o a conhecer as potencialidades e as car\u00eancias da institui\u00e7\u00e3o, subsidiando tomada de decis\u00f5es, com vistas \u00e0 melhoria e a manuten\u00e7\u00e3o da qualidade da gest\u00e3o, do ensino, pesquisa e extens\u00e3o. A Avalia\u00e7\u00e3o Institucional foi estabelecida pelo Sistema Nacional de Avalia\u00e7\u00e3o [&hellip;]<\/p>\n","protected":false},"author":2,"featured_media":0,"parent":0,"menu_order":0,"comment_status":"closed","ping_status":"closed","template":"","meta":{"_acf_changed":false,"footnotes":""},"class_list":["post-2512","page","type-page","status-publish","hentry"],"acf":[],"_links":{"self":[{"href":"https:\/\/homologa.centralfaveni.com.br\/virgem\/wp-json\/wp\/v2\/pages\/2512","targetHints":{"allow":["GET"]}}],"collection":[{"href":"https:\/\/homologa.centralfaveni.com.br\/virgem\/wp-json\/wp\/v2\/pages"}],"about":[{"href":"https:\/\/homologa.centralfaveni.com.br\/virgem\/wp-json\/wp\/v2\/types\/page"}],"author":[{"embeddable":true,"href":"https:\/\/homologa.centralfaveni.com.br\/virgem\/wp-json\/wp\/v2\/users\/2"}],"replies":[{"embeddable":true,"href":"https:\/\/homologa.centralfaveni.com.br\/virgem\/wp-json\/wp\/v2\/comments?post=2512"}],"version-history":[{"count":0,"href":"https:\/\/homologa.centralfaveni.com.br\/virgem\/wp-json\/wp\/v2\/pages\/2512\/revisions"}],"wp:attachment":[{"href":"https:\/\/homologa.centralfaveni.com.br\/virgem\/wp-json\/wp\/v2\/media?parent=2512"}],"curies":[{"name":"wp","href":"https:\/\/api.w.org\/{rel}","templated":true}]}}