{"id":2517,"date":"2025-04-29T14:31:58","date_gmt":"2025-04-29T17:31:58","guid":{"rendered":"https:\/\/homologa.digital\/centralfaveni\/virgem\/?page_id=2517"},"modified":"2025-05-02T16:50:02","modified_gmt":"2025-05-02T19:50:02","slug":"canal-de-comunicacao-do-dpo","status":"publish","type":"page","link":"https:\/\/homologa.centralfaveni.com.br\/virgem\/canal-de-comunicacao-do-dpo\/","title":{"rendered":"Canal de Comunica\u00e7\u00e3o do DPO"},"content":{"rendered":"\t\t<div data-elementor-type=\"wp-page\" data-elementor-id=\"2517\" class=\"elementor elementor-2517\" data-elementor-post-type=\"page\">\n\t\t\t\t<div class=\"elementor-element elementor-element-b31c87d e-flex e-con-boxed e-con e-parent\" data-id=\"b31c87d\" data-element_type=\"container\" data-e-type=\"container\">\n\t\t\t\t\t<div class=\"e-con-inner\">\n\t\t\t\t<div class=\"elementor-element elementor-element-9dc0917 elementor-widget elementor-widget-heading\" data-id=\"9dc0917\" data-element_type=\"widget\" data-e-type=\"widget\" data-widget_type=\"heading.default\">\n\t\t\t\t\t<h2 class=\"elementor-heading-title elementor-size-default\">Solicita\u00e7\u00e3o referente \u00e0 Prote\u00e7\u00e3o de Dados Pessoais<\/h2>\t\t\t\t<\/div>\n\t\t\t\t<div class=\"elementor-element elementor-element-867e295 elementor-widget elementor-widget-text-editor\" data-id=\"867e295\" data-element_type=\"widget\" data-e-type=\"widget\" data-widget_type=\"text-editor.default\">\n\t\t\t\t\t\t\t\t\t<p>Preencha os campos abaixo para comunica\u00e7\u00e3o com o Encarregado de Prote\u00e7\u00e3o de Dados Pessoais do Grupo Faveni, Emerson Jos\u00e9 Fernandes.*<\/p>\t\t\t\t\t\t\t\t<\/div>\n\t\t\t\t\t<\/div>\n\t\t\t\t<\/div>\n\t\t<div class=\"elementor-element elementor-element-57061af e-flex e-con-boxed e-con e-parent\" data-id=\"57061af\" data-element_type=\"container\" data-e-type=\"container\">\n\t\t\t\t\t<div class=\"e-con-inner\">\n\t\t<div class=\"elementor-element elementor-element-d771ea5 e-flex e-con-boxed e-con e-child\" data-id=\"d771ea5\" data-element_type=\"container\" data-e-type=\"container\">\n\t\t\t\t\t<div class=\"e-con-inner\">\n\t\t\t\t<div class=\"elementor-element elementor-element-352d8d6 elementor-button-align-stretch elementor-widget elementor-widget-form\" data-id=\"352d8d6\" data-element_type=\"widget\" data-e-type=\"widget\" data-settings=\"{&quot;step_next_label&quot;:&quot;Next&quot;,&quot;step_previous_label&quot;:&quot;Previous&quot;,&quot;button_width&quot;:&quot;100&quot;,&quot;step_type&quot;:&quot;number_text&quot;,&quot;step_icon_shape&quot;:&quot;circle&quot;}\" data-widget_type=\"form.default\">\n\t\t\t\t\t\t\t<form class=\"elementor-form\" method=\"post\" id=\"dpo\" name=\"Canal de Comunica\u00e7\u00e3o do DPO\" aria-label=\"Canal de Comunica\u00e7\u00e3o do DPO\">\n\t\t\t<input type=\"hidden\" name=\"post_id\" value=\"2517\"\/>\n\t\t\t<input type=\"hidden\" name=\"form_id\" value=\"352d8d6\"\/>\n\t\t\t<input type=\"hidden\" name=\"referer_title\" value=\"Virgem\" \/>\n\n\t\t\t\n\t\t\t<div class=\"elementor-form-fields-wrapper elementor-labels-above\">\n\t\t\t\t\t\t\t\t<div class=\"elementor-field-type-text elementor-field-group elementor-column elementor-field-group-nome elementor-col-100 elementor-field-required elementor-mark-required\">\n\t\t\t\t\t\t\t\t\t\t\t\t<label for=\"form-field-nome\" class=\"elementor-field-label\">\n\t\t\t\t\t\t\t\tNome\t\t\t\t\t\t\t<\/label>\n\t\t\t\t\t\t\t\t\t\t\t\t\t\t<input size=\"1\" type=\"text\" name=\"form_fields[nome]\" id=\"form-field-nome\" class=\"elementor-field elementor-size-md  elementor-field-textual\" placeholder=\"Nome\" required=\"required\">\n\t\t\t\t\t\t\t\t\t\t\t<\/div>\n\t\t\t\t\t\t\t\t<div class=\"elementor-field-type-tel elementor-field-group elementor-column elementor-field-group-telefone elementor-col-100\">\n\t\t\t\t\t\t\t\t\t\t\t\t<label for=\"form-field-telefone\" class=\"elementor-field-label\">\n\t\t\t\t\t\t\t\tTelefone\t\t\t\t\t\t\t<\/label>\n\t\t\t\t\t\t\t\t<input size=\"1\" type=\"tel\" name=\"form_fields[telefone]\" id=\"form-field-telefone\" class=\"elementor-field elementor-size-md  elementor-field-textual\" placeholder=\"Telefone\" pattern=\"[0-9()#&amp;+*-=.]+\" title=\"Only numbers and phone characters (#, -, *, etc) are accepted.\">\n\n\t\t\t\t\t\t<\/div>\n\t\t\t\t\t\t\t\t<div class=\"elementor-field-type-email elementor-field-group elementor-column elementor-field-group-email elementor-col-100 elementor-field-required elementor-mark-required\">\n\t\t\t\t\t\t\t\t\t\t\t\t<label for=\"form-field-email\" class=\"elementor-field-label\">\n\t\t\t\t\t\t\t\tEmail\t\t\t\t\t\t\t<\/label>\n\t\t\t\t\t\t\t\t\t\t\t\t\t\t<input size=\"1\" type=\"email\" name=\"form_fields[email]\" id=\"form-field-email\" class=\"elementor-field elementor-size-md  elementor-field-textual\" placeholder=\"Email\" required=\"required\">\n\t\t\t\t\t\t\t\t\t\t\t<\/div>\n\t\t\t\t\t\t\t\t<div class=\"elementor-field-type-text elementor-field-group elementor-column elementor-field-group-cidade elementor-col-100 elementor-field-required elementor-mark-required\">\n\t\t\t\t\t\t\t\t\t\t\t\t<label for=\"form-field-cidade\" class=\"elementor-field-label\">\n\t\t\t\t\t\t\t\tAssunto\t\t\t\t\t\t\t<\/label>\n\t\t\t\t\t\t\t\t\t\t\t\t\t\t<input size=\"1\" type=\"text\" name=\"form_fields[cidade]\" id=\"form-field-cidade\" class=\"elementor-field elementor-size-md  elementor-field-textual\" placeholder=\"Assunto\" required=\"required\">\n\t\t\t\t\t\t\t\t\t\t\t<\/div>\n\t\t\t\t\t\t\t\t<div class=\"elementor-field-type-textarea elementor-field-group elementor-column elementor-field-group-field_8fc2d43 elementor-col-100\">\n\t\t\t\t\t\t\t\t\t\t\t\t<label for=\"form-field-field_8fc2d43\" class=\"elementor-field-label\">\n\t\t\t\t\t\t\t\tMensagem\t\t\t\t\t\t\t<\/label>\n\t\t\t\t\t\t<textarea class=\"elementor-field-textual elementor-field  elementor-size-md\" name=\"form_fields[field_8fc2d43]\" id=\"form-field-field_8fc2d43\" rows=\"4\" placeholder=\"Digite aqui sua mensagem\"><\/textarea>\t\t\t\t<\/div>\n\t\t\t\t\t\t\t\t<div class=\"elementor-field-group elementor-column elementor-field-type-submit elementor-col-100 e-form__buttons\">\n\t\t\t\t\t<button class=\"elementor-button elementor-size-md elementor-animation-float\" type=\"submit\">\n\t\t\t\t\t\t<span class=\"elementor-button-content-wrapper\">\n\t\t\t\t\t\t\t\t\t\t\t\t\t\t\t\t\t\t\t\t\t\t<span class=\"elementor-button-text\">Enviar Mensagem<\/span>\n\t\t\t\t\t\t\t\t\t\t\t\t\t<\/span>\n\t\t\t\t\t<\/button>\n\t\t\t\t<\/div>\n\t\t\t<\/div>\n\t\t<\/form>\n\t\t\t\t\t\t<\/div>\n\t\t\t\t\t<\/div>\n\t\t\t\t<\/div>\n\t\t<div class=\"elementor-element elementor-element-d1840c6 e-flex e-con-boxed e-con e-child\" data-id=\"d1840c6\" data-element_type=\"container\" data-e-type=\"container\">\n\t\t\t\t\t<div class=\"e-con-inner\">\n\t\t\t\t<div class=\"elementor-element elementor-element-ff944e3 elementor-widget elementor-widget-text-editor\" data-id=\"ff944e3\" data-element_type=\"widget\" data-e-type=\"widget\" data-widget_type=\"text-editor.default\">\n\t\t\t\t\t\t\t\t\t<p><strong>Prezado(a) Usu\u00e1rio(a),<\/strong><\/p><p>Conforme as diretrizes estabelecidas pela Lei Geral de Prote\u00e7\u00e3o de Dados (LGPD), voc\u00ea tem o direito de solicitar a exclus\u00e3o dos seus dados pessoais, caso deseje. Respeitamos e valorizamos a privacidade de cada indiv\u00edduo e estamos comprometidos em atender \u00e0s solicita\u00e7\u00f5es relacionadas \u00e0 prote\u00e7\u00e3o de dados.<\/p><p>Se voc\u00ea deseja prosseguir com a exclus\u00e3o dos seus dados pessoais armazenados em nossos sistemas, por favor, acesse o seguinte link:\u00a0<a href=\"https:\/\/portaldaprivacidade.grupofaveni.com.br\/formulario\">https:\/\/portaldaprivacidade.grupofaveni.com.br\/formulario<\/a><\/p><p>Lembre-se de que este processo garantir\u00e1 que seus dados sejam removidos de maneira segura e em conformidade com as normas estabelecidas pela LGPD.<\/p><p>Agradecemos pela confian\u00e7a e compreens\u00e3o. Caso tenha alguma d\u00favida ou precise de mais informa\u00e7\u00f5es, n\u00e3o hesite em nos contatar.<\/p><p><b>Atenciosamente<\/b>.<\/p>\t\t\t\t\t\t\t\t<\/div>\n\t\t\t\t\t<\/div>\n\t\t\t\t<\/div>\n\t\t\t\t\t<\/div>\n\t\t\t\t<\/div>\n\t\t<div class=\"elementor-element elementor-element-e3128c6 e-flex e-con-boxed e-con e-parent\" data-id=\"e3128c6\" data-element_type=\"container\" data-e-type=\"container\">\n\t\t\t\t\t<div class=\"e-con-inner\">\n\t\t\t\t<div class=\"elementor-element elementor-element-b2e818f elementor-widget-divider--view-line elementor-widget elementor-widget-divider\" data-id=\"b2e818f\" data-element_type=\"widget\" data-e-type=\"widget\" data-widget_type=\"divider.default\">\n\t\t\t\t\t\t\t<div class=\"elementor-divider\">\n\t\t\t<span class=\"elementor-divider-separator\">\n\t\t\t\t\t\t<\/span>\n\t\t<\/div>\n\t\t\t\t\t\t<\/div>\n\t\t\t\t<div class=\"elementor-element elementor-element-c294752 elementor-widget elementor-widget-text-editor\" data-id=\"c294752\" data-element_type=\"widget\" data-e-type=\"widget\" data-widget_type=\"text-editor.default\">\n\t\t\t\t\t\t\t\t\t<p>* \u2013 Art. 41. O controlador dever\u00e1 indicar encarregado pelo tratamento de dados pessoais.<br \/>\u00a7 1\u00ba A identidade e as informa\u00e7\u00f5es de contato do encarregado dever\u00e3o ser divulgadas publicamente, de forma clara e objetiva, preferencialmente no s\u00edtio eletr\u00f4nico do controlador.<\/p>\t\t\t\t\t\t\t\t<\/div>\n\t\t\t\t\t<\/div>\n\t\t\t\t<\/div>\n\t\t\t\t<\/div>\n\t\t","protected":false},"excerpt":{"rendered":"<p>Solicita\u00e7\u00e3o referente \u00e0 Prote\u00e7\u00e3o de Dados Pessoais Preencha os campos abaixo para comunica\u00e7\u00e3o com o Encarregado de Prote\u00e7\u00e3o de Dados Pessoais do Grupo Faveni, Emerson Jos\u00e9 Fernandes.* Prezado(a) Usu\u00e1rio(a), Conforme as diretrizes estabelecidas pela Lei Geral de Prote\u00e7\u00e3o de Dados (LGPD), voc\u00ea tem o direito de solicitar a exclus\u00e3o dos seus dados pessoais, caso deseje. [&hellip;]<\/p>\n","protected":false},"author":2,"featured_media":0,"parent":0,"menu_order":0,"comment_status":"closed","ping_status":"closed","template":"page-box.php","meta":{"_acf_changed":false,"footnotes":""},"class_list":["post-2517","page","type-page","status-publish","hentry"],"acf":[],"_links":{"self":[{"href":"https:\/\/homologa.centralfaveni.com.br\/virgem\/wp-json\/wp\/v2\/pages\/2517","targetHints":{"allow":["GET"]}}],"collection":[{"href":"https:\/\/homologa.centralfaveni.com.br\/virgem\/wp-json\/wp\/v2\/pages"}],"about":[{"href":"https:\/\/homologa.centralfaveni.com.br\/virgem\/wp-json\/wp\/v2\/types\/page"}],"author":[{"embeddable":true,"href":"https:\/\/homologa.centralfaveni.com.br\/virgem\/wp-json\/wp\/v2\/users\/2"}],"replies":[{"embeddable":true,"href":"https:\/\/homologa.centralfaveni.com.br\/virgem\/wp-json\/wp\/v2\/comments?post=2517"}],"version-history":[{"count":0,"href":"https:\/\/homologa.centralfaveni.com.br\/virgem\/wp-json\/wp\/v2\/pages\/2517\/revisions"}],"wp:attachment":[{"href":"https:\/\/homologa.centralfaveni.com.br\/virgem\/wp-json\/wp\/v2\/media?parent=2517"}],"curies":[{"name":"wp","href":"https:\/\/api.w.org\/{rel}","templated":true}]}}