{"id":2572,"date":"2025-04-29T16:56:14","date_gmt":"2025-04-29T19:56:14","guid":{"rendered":"https:\/\/homologa.digital\/centralfaveni\/virgem\/?page_id=2572"},"modified":"2025-04-29T16:57:14","modified_gmt":"2025-04-29T19:57:14","slug":"comite-de-etica-em-pesquisa-cep","status":"publish","type":"page","link":"https:\/\/homologa.centralfaveni.com.br\/virgem\/comite-de-etica-em-pesquisa-cep\/","title":{"rendered":"Comit\u00ea de \u00c9tica em Pesquisa \u2013 CEP"},"content":{"rendered":"\t\t<div data-elementor-type=\"wp-page\" data-elementor-id=\"2572\" class=\"elementor elementor-2572\" data-elementor-post-type=\"page\">\n\t\t\t\t<div class=\"elementor-element elementor-element-3d87c26 e-flex e-con-boxed e-con e-parent\" data-id=\"3d87c26\" data-element_type=\"container\" data-e-type=\"container\">\n\t\t\t\t\t<div class=\"e-con-inner\">\n\t\t\t\t<div class=\"elementor-element elementor-element-a223ac2 elementor-widget elementor-widget-heading\" data-id=\"a223ac2\" data-element_type=\"widget\" data-e-type=\"widget\" data-widget_type=\"heading.default\">\n\t\t\t\t\t<h2 class=\"elementor-heading-title elementor-size-default\">Comit\u00ea de \u00c9tica em Pesquisa \u2013 CEP<\/h2>\t\t\t\t<\/div>\n\t\t\t\t<div class=\"elementor-element elementor-element-76fe9fd elementor-widget elementor-widget-text-editor\" data-id=\"76fe9fd\" data-element_type=\"widget\" data-e-type=\"widget\" data-widget_type=\"text-editor.default\">\n\t\t\t\t\t\t\t\t\t<p>O comit\u00ea de \u00e9tica em pesquisa com seres humanos (CEP\/UNIFAVENI) \u00e9 um \u00f3rg\u00e3o institucional que tem por objetivo proteger o bem-estar dos indiv\u00edduos pesquisados. \u00c9 um comit\u00ea interdisciplinar e independente, respons\u00e1vel pela avalia\u00e7\u00e3o e acompanhamento dos aspectos \u00e9ticos de todas as pesquisas que envolvam a participa\u00e7\u00e3o de seres humanos.<\/p><p>A miss\u00e3o do CEP \u00e9 salvaguardar os direitos e a dignidade dos sujeitos da pesquisa. Al\u00e9m disso, o CEP contribui para a qualidade das pesquisas e para a discuss\u00e3o do papel da pesquisa no desenvolvimento institucional e no desenvolvimento social da comunidade. Contribui ainda para a valoriza\u00e7\u00e3o do pesquisador que recebe o reconhecimento de que sua proposta \u00e9 eticamente adequada.<\/p><p>O CEP tamb\u00e9m tem car\u00e1ter consultivo e fornece orienta\u00e7\u00e3o acerca de como tornar expl\u00edcita, no projeto de pesquisa, a garantia de respeito aos princ\u00edpios \u00e9ticos de n\u00e3o malefic\u00eancia, benefic\u00eancia, justi\u00e7a e autonomia aos sujeitos.<\/p><p>Entretanto, para que o CEP alcance esses prop\u00f3sitos, \u00e9 tamb\u00e9m indispens\u00e1vel que pesquisadores, professores e estudantes n\u00e3o entendam o encaminhamento de seus projetos ao CEP como uma mera tarefa burocr\u00e1tica, uma simples etapa que foi criada e que deve ser superada para a execu\u00e7\u00e3o suas pesquisas. \u00c9 fundamental reconhecer e estabelecer um di\u00e1logo entre pesquisadores, professores, estudantes e membros do CEP, ratificando o compromisso institucional com o conhecimento cient\u00edfico, socialmente relevante e eticamente estabelecido, sobre os problemas de sa\u00fade da popula\u00e7\u00e3o.<\/p><p>Imbu\u00eddos deste esp\u00edrito, com satisfa\u00e7\u00e3o convidamos a todos os pesquisadores, professores e estudantes participar do exerc\u00edcio da \u00e9tica no ensino-pesquisa envolvendo seres humanos.<\/p>\t\t\t\t\t\t\t\t<\/div>\n\t\t\t\t<div class=\"elementor-element elementor-element-6fe2f97 elementor-widget elementor-widget-spacer\" data-id=\"6fe2f97\" data-element_type=\"widget\" data-e-type=\"widget\" data-widget_type=\"spacer.default\">\n\t\t\t\t\t\t\t<div class=\"elementor-spacer\">\n\t\t\t<div class=\"elementor-spacer-inner\"><\/div>\n\t\t<\/div>\n\t\t\t\t\t\t<\/div>\n\t\t\t\t<div class=\"elementor-element elementor-element-feb867c elementor-widget elementor-widget-text-editor\" data-id=\"feb867c\" data-element_type=\"widget\" data-e-type=\"widget\" data-widget_type=\"text-editor.default\">\n\t\t\t\t\t\t\t\t\t<p><a href=\"https:\/\/unifaveni.com.br\/membros-e-contatos-do-cep\/\">Membros do CEP e link do lattes<\/a><br \/><a href=\"https:\/\/unifaveni.com.br\/wp-content\/uploads\/sites\/12\/2024\/04\/Microsoft-Word-REGIMENTO-INTERNO-DO-COMITE-DE-ETICA-EM-PESQUISA-CEP-UNIFAVENI-Versao-2024.pdf\">Regimento interno<\/a><br \/><a href=\"https:\/\/unifaveni.com.br\/leis-e-instrucoes-normativas\/\">Leis e instru\u00e7\u00f5es normativas<\/a><br \/><a href=\"https:\/\/unifaveni.com.br\/manuais-e-orientacoes-de-navegacao-na-plataforma-brasil\/\">Manuais e orienta\u00e7\u00f5es de navega\u00e7\u00e3o na Plataforma Brasil<\/a> <br \/><a href=\"https:\/\/unifaveni.com.br\/procedimentos-para-encaminhamentos-de-projetos\/\">Procedimentos para encaminhamentos de projetos<\/a> <br \/><a href=\"https:\/\/unifaveni.com.br\/links-de-interesse\/\">Links de interesse<\/a><br \/><a href=\"https:\/\/unifaveni.com.br\/perguntas-frequentes-cep\/\">Perguntas Frequentes<\/a><\/p>\t\t\t\t\t\t\t\t<\/div>\n\t\t\t\t\t<\/div>\n\t\t\t\t<\/div>\n\t\t\t\t<\/div>\n\t\t","protected":false},"excerpt":{"rendered":"<p>Comit\u00ea de \u00c9tica em Pesquisa \u2013 CEP O comit\u00ea de \u00e9tica em pesquisa com seres humanos (CEP\/UNIFAVENI) \u00e9 um \u00f3rg\u00e3o institucional que tem por objetivo proteger o bem-estar dos indiv\u00edduos pesquisados. \u00c9 um comit\u00ea interdisciplinar e independente, respons\u00e1vel pela avalia\u00e7\u00e3o e acompanhamento dos aspectos \u00e9ticos de todas as pesquisas que envolvam a participa\u00e7\u00e3o de seres [&hellip;]<\/p>\n","protected":false},"author":2,"featured_media":0,"parent":0,"menu_order":0,"comment_status":"closed","ping_status":"closed","template":"page-box.php","meta":{"_acf_changed":false,"footnotes":""},"class_list":["post-2572","page","type-page","status-publish","hentry"],"acf":[],"_links":{"self":[{"href":"https:\/\/homologa.centralfaveni.com.br\/virgem\/wp-json\/wp\/v2\/pages\/2572","targetHints":{"allow":["GET"]}}],"collection":[{"href":"https:\/\/homologa.centralfaveni.com.br\/virgem\/wp-json\/wp\/v2\/pages"}],"about":[{"href":"https:\/\/homologa.centralfaveni.com.br\/virgem\/wp-json\/wp\/v2\/types\/page"}],"author":[{"embeddable":true,"href":"https:\/\/homologa.centralfaveni.com.br\/virgem\/wp-json\/wp\/v2\/users\/2"}],"replies":[{"embeddable":true,"href":"https:\/\/homologa.centralfaveni.com.br\/virgem\/wp-json\/wp\/v2\/comments?post=2572"}],"version-history":[{"count":0,"href":"https:\/\/homologa.centralfaveni.com.br\/virgem\/wp-json\/wp\/v2\/pages\/2572\/revisions"}],"wp:attachment":[{"href":"https:\/\/homologa.centralfaveni.com.br\/virgem\/wp-json\/wp\/v2\/media?parent=2572"}],"curies":[{"name":"wp","href":"https:\/\/api.w.org\/{rel}","templated":true}]}}