{"id":2582,"date":"2025-04-29T17:05:29","date_gmt":"2025-04-29T20:05:29","guid":{"rendered":"https:\/\/homologa.digital\/centralfaveni\/virgem\/?page_id=2582"},"modified":"2025-04-29T17:06:10","modified_gmt":"2025-04-29T20:06:10","slug":"leis-e-instrucoes-normativas","status":"publish","type":"page","link":"https:\/\/homologa.centralfaveni.com.br\/virgem\/leis-e-instrucoes-normativas\/","title":{"rendered":"Leis e Instru\u00e7\u00f5es Normativas"},"content":{"rendered":"\t\t<div data-elementor-type=\"wp-page\" data-elementor-id=\"2582\" class=\"elementor elementor-2582\" data-elementor-post-type=\"page\">\n\t\t\t\t<div class=\"elementor-element elementor-element-4cdc1df e-flex e-con-boxed e-con e-parent\" data-id=\"4cdc1df\" data-element_type=\"container\" data-e-type=\"container\">\n\t\t\t\t\t<div class=\"e-con-inner\">\n\t\t\t\t<div class=\"elementor-element elementor-element-cf60d85 elementor-widget elementor-widget-heading\" data-id=\"cf60d85\" data-element_type=\"widget\" data-e-type=\"widget\" data-widget_type=\"heading.default\">\n\t\t\t\t\t<h2 class=\"elementor-heading-title elementor-size-default\">Leis e Instru\u00e7\u00f5es Normativas<\/h2>\t\t\t\t<\/div>\n\t\t\t\t<div class=\"elementor-element elementor-element-ed950ad elementor-widget elementor-widget-spacer\" data-id=\"ed950ad\" data-element_type=\"widget\" data-e-type=\"widget\" data-widget_type=\"spacer.default\">\n\t\t\t\t\t\t\t<div class=\"elementor-spacer\">\n\t\t\t<div class=\"elementor-spacer-inner\"><\/div>\n\t\t<\/div>\n\t\t\t\t\t\t<\/div>\n\t\t\t\t<div class=\"elementor-element elementor-element-b6d6792 elementor-widget elementor-widget-text-editor\" data-id=\"b6d6792\" data-element_type=\"widget\" data-e-type=\"widget\" data-widget_type=\"text-editor.default\">\n\t\t\t\t\t\t\t\t\t<h5>Documentos e Informa\u00e7\u00f5es Importantes<\/h5><ul><li><a href=\"https:\/\/unifaveni.com.br\/wp-content\/uploads\/sites\/12\/2024\/04\/Reso466.pdf\" target=\"_blank\" rel=\"noopener\">Resolu\u00e7\u00e3o 466\/12\u00a0do Conselho Nacional de Sa\u00fade<\/a>\u00a0&#8211; Aprova as normas regulamentadoras de pesquisas envolvendo seres humanos.<\/li><li><a href=\"https:\/\/unesc.br\/downloads\/comite-etica\/CEP\/Resolu%C3%A7%C3%B5es_CEP\/Reso510.pdf\" target=\"_blank\" rel=\"noopener\">Pesquisa envolvendo Ci\u00eancias Humanas e Sociais<\/a>.<\/li><li><a href=\"https:\/\/unesc.br\/downloads\/comite-etica\/CEP\/Resolu%C3%A7%C3%B5es_CEP\/Resolu%C3%A7%C3%A3o%20CNS%20446_2011.doc\">Resolu\u00e7\u00e3o CNS 446\/2011<\/a>\u00a0Composi\u00e7\u00e3o da Comiss\u00e3o Nacional de \u00c9tica em Pesquisa.\u00a0<\/li><li><a href=\"https:\/\/unesc.br\/downloads\/comite-etica\/CEP\/Resolu%C3%A7%C3%B5es_CEP\/Resolu%C3%A7%C3%A3o%20CNS%20441_2011.pdf\" target=\"_blank\" rel=\"noopener\">Resolu\u00e7\u00e3o CNS 441\/2011<\/a>\u00a0Aprovar as seguintes diretrizes para an\u00e1lise \u00e9tica de projetos de pesquisas que envolvam armazenamento de material biol\u00f3gico humano ou uso de material armazenado em pesquisas anteriores.<\/li><li><a href=\"https:\/\/unesc.br\/downloads\/comite-etica\/CEP\/Resolu%C3%A7%C3%B5es_CEP\/Resolu%C3%A7%C3%A3o%20CNS%20370_2007.doc\">Resolu\u00e7\u00e3o CNS 370\/2007<\/a>\u00a0O registro e credenciamento ou renova\u00e7\u00e3o de registro e credenciamento do CEP \u00a0<\/li><li><a href=\"https:\/\/unesc.br\/downloads\/comite-etica\/CEP\/Resolu%C3%A7%C3%B5es_CEP\/Resolu%C3%A7%C3%A3o%20CNS%20346_2005.doc\">Resolu\u00e7\u00e3o CNS 346\/2005<\/a>\u00a0Projetos multic\u00eantricos \u00a0\u00a0<\/li><li><a href=\"https:\/\/unesc.br\/downloads\/comite-etica\/CEP\/resol_340_Gen%C3%A9tica%20Humana.pdf\" target=\"_blank\" rel=\"noopener\">Resolu\u00e7\u00e3o CNS 340\/04<\/a>\u00a0&#8211; Aprova as Diretrizes para An\u00e1lise \u00c9tica e Tramita\u00e7\u00e3o dos Projetos de Pesquisa da \u00c1rea Tem\u00e1tica Especial de Gen\u00e9tica Humana.<\/li><li><a href=\"https:\/\/unesc.br\/downloads\/comite-etica\/CEP\/resol_292_pesquisas_que_envolvam_remessa_de_material.pdf\" target=\"_blank\" rel=\"noopener\">Resolu\u00e7\u00e3o CNS 292\/99<\/a>\u00a0&#8211; Regulamenta\u00e7\u00e3o da Res. CNS 292\/99 sobre pesquisas com coopera\u00e7\u00e3o estrangeira ( aprovada no CNS em 08\/08\/2002).<\/li><li><a href=\"https:\/\/unesc.br\/downloads\/comite-etica\/CEP\/Resolu%C3%A7%C3%B5es_CEP\/Resolu%C3%A7%C3%A3o%20CNS%20304_2000.doc\">Resolu\u00e7\u00e3o CNS 304\/2000<\/a>\u00a0Contempla norma complementar para a \u00e1rea de Pesquisas em Povos Ind\u00edgenas \u00a0<\/li><li><a href=\"https:\/\/unesc.br\/downloads\/comite-etica\/CEP\/Resolu%C3%A7%C3%B5es_CEP\/Resolu%C3%A7%C3%A3o%20CNS%20301_2000.doc\">Resolu\u00e7\u00e3o CNS 301\/2000<\/a>\u00a0Contempla o posicionamento do CNS e CONEP cont\u00e1rio a modifica\u00e7oes da Declara\u00e7\u00e3o de Helsinque.\u00a0<\/li><li><a href=\"https:\/\/unesc.br\/downloads\/comite-etica\/CEP\/resol_251_Pesquisa_com_novos_farmacos_medicamentos_vacinas_e_testes.pdf\" target=\"_blank\" rel=\"noopener\">Resolu\u00e7\u00e3o CNS 251\/97<\/a>\u00a0&#8211;\u00a0Contempla a norma complementar para a \u00e1rea tem\u00e1tica especial de novos f\u00e1rmacos, vacinas e testes diagn\u00f3sticos e delega aos CEPs a an\u00e1lise final dos projetos nessa \u00e1rea, que deixa de ser especial.<\/li><li><a href=\"https:\/\/unesc.br\/downloads\/comite-etica\/CEP\/Reso240.pdf\" target=\"_blank\" rel=\"noopener\">Resolu\u00e7\u00e3o CNS 240\/97<\/a>\u00a0&#8211;\u00a0Define representa\u00e7\u00e3o de usu\u00e1rios nos CEPs e orienta a escolha.\u00a0<\/li><li><a href=\"https:\/\/unesc.br\/downloads\/comite-etica\/CEP\/Resolu%C3%A7%C3%B5es_CEP\/Resolu%C3%A7%C3%A3o%20CNS%20173_1995.doc\">Resolu\u00e7\u00e3o CNS 173\/1995<\/a>\u00a0Define o Plano de trabalho de revis\u00e3o da Resolu\u00e7\u00e3o CNS 01\/88, incluindo a normatiza\u00e7\u00e3o de \u00e1reas tem\u00e1ticas especiais.<\/li><li><a href=\"https:\/\/unesc.br\/downloads\/comite-etica\/CEP\/Resolu%C3%A7%C3%B5es_CEP\/Norma%20Operacional%2001_2013.pdf\" target=\"_blank\" rel=\"noopener\">Norma Operacional 01\/2013<\/a>\u00a0Aprova as normas regulamentadoras de pesquisas envolvendo seres humanos.<\/li><li>Norma Operacional 01\/2012 Fluxo de tramita\u00e7\u00e3o de projetos multic\u00eantricos nacionais: centro coordenador.<\/li><li><a href=\"https:\/\/unesc.br\/downloads\/comite-etica\/CEP\/Indicacao_de_CEP_para_analise_de_protocolos_de_pesquisa.pdf\" target=\"_blank\" rel=\"noopener\">Indica\u00e7\u00e3o de CEP para an\u00e1lise de protocolos de pesquisa<\/a><\/li><li><a href=\"https:\/\/unesc.br\/downloads\/comite-etica\/CEP\/Uso_de_dados_de_prontuarios_para_fins_de_Pesquisa.pdf\" target=\"_blank\" rel=\"noopener\">Uso de dados de prontu\u00e1rios para fins de Pesquisa<\/a><\/li><\/ul><p>Os links acima podem ser encontrados na p\u00e1gina:\u00a0<a href=\"http:\/\/conselho.saude.gov.br\/web_comissoes\/conep\/index.html\" target=\"_blank\" rel=\"noopener\">http:\/\/conselho.saude.gov.br\/web_comissoes\/conep\/index.html<\/a><\/p>\t\t\t\t\t\t\t\t<\/div>\n\t\t\t\t\t<\/div>\n\t\t\t\t<\/div>\n\t\t\t\t<\/div>\n\t\t","protected":false},"excerpt":{"rendered":"<p>Leis e Instru\u00e7\u00f5es Normativas Documentos e Informa\u00e7\u00f5es Importantes Resolu\u00e7\u00e3o 466\/12\u00a0do Conselho Nacional de Sa\u00fade\u00a0&#8211; Aprova as normas regulamentadoras de pesquisas envolvendo seres humanos. Pesquisa envolvendo Ci\u00eancias Humanas e Sociais. Resolu\u00e7\u00e3o CNS 446\/2011\u00a0Composi\u00e7\u00e3o da Comiss\u00e3o Nacional de \u00c9tica em Pesquisa.\u00a0 Resolu\u00e7\u00e3o CNS 441\/2011\u00a0Aprovar as seguintes diretrizes para an\u00e1lise \u00e9tica de projetos de pesquisas que envolvam armazenamento [&hellip;]<\/p>\n","protected":false},"author":2,"featured_media":0,"parent":0,"menu_order":0,"comment_status":"closed","ping_status":"closed","template":"page-box.php","meta":{"_acf_changed":false,"footnotes":""},"class_list":["post-2582","page","type-page","status-publish","hentry"],"acf":[],"_links":{"self":[{"href":"https:\/\/homologa.centralfaveni.com.br\/virgem\/wp-json\/wp\/v2\/pages\/2582","targetHints":{"allow":["GET"]}}],"collection":[{"href":"https:\/\/homologa.centralfaveni.com.br\/virgem\/wp-json\/wp\/v2\/pages"}],"about":[{"href":"https:\/\/homologa.centralfaveni.com.br\/virgem\/wp-json\/wp\/v2\/types\/page"}],"author":[{"embeddable":true,"href":"https:\/\/homologa.centralfaveni.com.br\/virgem\/wp-json\/wp\/v2\/users\/2"}],"replies":[{"embeddable":true,"href":"https:\/\/homologa.centralfaveni.com.br\/virgem\/wp-json\/wp\/v2\/comments?post=2582"}],"version-history":[{"count":0,"href":"https:\/\/homologa.centralfaveni.com.br\/virgem\/wp-json\/wp\/v2\/pages\/2582\/revisions"}],"wp:attachment":[{"href":"https:\/\/homologa.centralfaveni.com.br\/virgem\/wp-json\/wp\/v2\/media?parent=2582"}],"curies":[{"name":"wp","href":"https:\/\/api.w.org\/{rel}","templated":true}]}}